{"id":5979,"date":"2023-06-09T14:37:41","date_gmt":"2023-06-09T14:37:41","guid":{"rendered":"https:\/\/exproasesorias.com\/?page_id=5979"},"modified":"2023-10-11T23:48:54","modified_gmt":"2023-10-11T23:48:54","slug":"casos-de-exito","status":"publish","type":"page","link":"https:\/\/exproasesorias.com\/peru\/casos-de-exito\/","title":{"rendered":"Casos de \u00c9xito"},"content":{"rendered":"\t\t<div data-elementor-type=\"wp-page\" data-elementor-id=\"5979\" class=\"elementor elementor-5979\">\n\t\t\t\t\t\t<section class=\"elementor-section elementor-top-section elementor-element elementor-element-4ecb410 elementor-section-content-middle ot-traditional elementor-section-boxed elementor-section-height-default elementor-section-height-default\" data-id=\"4ecb410\" data-element_type=\"section\" data-settings=\"{&quot;background_background&quot;:&quot;classic&quot;}\">\n\t\t\t\t\t\t<div class=\"elementor-container elementor-column-gap-extended\">\n\t\t\t\t\t<div class=\"elementor-column elementor-col-50 elementor-top-column elementor-element elementor-element-fb9ab0a ot-flex-column-vertical\" data-id=\"fb9ab0a\" data-element_type=\"column\">\n\t\t\t<div class=\"elementor-widget-wrap elementor-element-populated\">\n\t\t\t\t\t\t<div class=\"elementor-element elementor-element-f9b49d3 elementor-arrows-position-inside elementor-pagination-position-outside elementor-widget elementor-widget-image-carousel\" data-id=\"f9b49d3\" data-element_type=\"widget\" data-settings=\"{&quot;slides_to_show&quot;:&quot;1&quot;,&quot;navigation&quot;:&quot;both&quot;,&quot;autoplay&quot;:&quot;yes&quot;,&quot;pause_on_hover&quot;:&quot;yes&quot;,&quot;pause_on_interaction&quot;:&quot;yes&quot;,&quot;autoplay_speed&quot;:5000,&quot;infinite&quot;:&quot;yes&quot;,&quot;effect&quot;:&quot;slide&quot;,&quot;speed&quot;:500}\" data-widget_type=\"image-carousel.default\">\n\t\t\t\t<div class=\"elementor-widget-container\">\n\t\t\t\t\t\t\t<div class=\"elementor-image-carousel-wrapper swiper\" role=\"region\" aria-roledescription=\"carousel\" aria-label=\"Carrusel de im\u00e1genes\" dir=\"ltr\">\n\t\t\t<div class=\"elementor-image-carousel swiper-wrapper\" aria-live=\"off\">\n\t\t\t\t\t\t\t\t<div class=\"swiper-slide\" role=\"group\" aria-roledescription=\"slide\" aria-label=\"1 de 1\"><figure class=\"swiper-slide-inner\"><img decoding=\"async\" class=\"swiper-slide-image\" src=\"https:\/\/exproasesorias.com\/peru\/wp-content\/uploads\/2023\/06\/pro1.jpg\" alt=\"pro1\" \/><\/figure><\/div>\t\t\t<\/div>\n\t\t\t\t\t<\/div>\n\t\t\t\t\t\t<\/div>\n\t\t\t\t<\/div>\n\t\t\t\t\t<\/div>\n\t\t<\/div>\n\t\t\t\t<div class=\"elementor-column elementor-col-50 elementor-top-column elementor-element elementor-element-815d161 ot-flex-column-vertical\" data-id=\"815d161\" data-element_type=\"column\">\n\t\t\t<div class=\"elementor-widget-wrap elementor-element-populated\">\n\t\t\t\t\t\t<div class=\"elementor-element elementor-element-d49007b elementor-widget elementor-widget-iheading\" data-id=\"d49007b\" data-element_type=\"widget\" data-widget_type=\"iheading.default\">\n\t\t\t\t<div class=\"elementor-widget-container\">\n\t\t\t\t\t\t\t<div class=\"ot-heading\">\r\n\t        \t            <span>\/\/ CASOS DE \u00c9XITO<\/span>\r\n\t        <h2 class=\"main-heading\">Plan Protegess<\/h2>\t    <\/div>\r\n\t    \t\t\t\t<\/div>\n\t\t\t\t<\/div>\n\t\t\t\t<div class=\"elementor-element elementor-element-ceb4784 elementor-widget elementor-widget-text-editor\" data-id=\"ceb4784\" data-element_type=\"widget\" data-widget_type=\"text-editor.default\">\n\t\t\t\t<div class=\"elementor-widget-container\">\n\t\t\t\t\t\t\t\t\t<p><span class=\"animadoo zoomIn\"><span class=\"HwtZe\" lang=\"es\"><span class=\"jCAhz ChMk0b\"><span class=\"ryNqvb\">Certificaci\u00f3n enfocada a la correcta ejecuci\u00f3n y aplicaci\u00f3n de situaciones de emergencias en establecimientos educacionales.<\/span><\/span><\/span><\/span><\/p>\t\t\t\t\t\t\t\t<\/div>\n\t\t\t\t<\/div>\n\t\t\t\t\t<\/div>\n\t\t<\/div>\n\t\t\t\t\t<\/div>\n\t\t<\/section>\n\t\t\t\t<section class=\"elementor-section elementor-top-section elementor-element elementor-element-7f4df7c ot-traditional elementor-section-boxed elementor-section-height-default elementor-section-height-default\" data-id=\"7f4df7c\" data-element_type=\"section\" data-settings=\"{&quot;background_background&quot;:&quot;classic&quot;}\">\n\t\t\t\t\t\t<div class=\"elementor-container elementor-column-gap-default\">\n\t\t\t\t\t<div class=\"elementor-column elementor-col-100 elementor-top-column elementor-element elementor-element-2ebb2bc ot-flex-column-vertical\" data-id=\"2ebb2bc\" data-element_type=\"column\">\n\t\t\t<div class=\"elementor-widget-wrap elementor-element-populated\">\n\t\t\t\t\t\t<section class=\"elementor-section elementor-inner-section elementor-element elementor-element-f2c46ff elementor-section-full_width elementor-section-content-middle ot-traditional elementor-section-height-default elementor-section-height-default\" data-id=\"f2c46ff\" data-element_type=\"section\">\n\t\t\t\t\t\t<div class=\"elementor-container elementor-column-gap-extended\">\n\t\t\t\t\t<div class=\"elementor-column elementor-col-50 elementor-inner-column elementor-element elementor-element-325fabe ot-flex-column-vertical\" data-id=\"325fabe\" data-element_type=\"column\">\n\t\t\t<div class=\"elementor-widget-wrap elementor-element-populated\">\n\t\t\t\t\t\t<div class=\"elementor-element elementor-element-38d3bc0 elementor-widget elementor-widget-iheading\" data-id=\"38d3bc0\" data-element_type=\"widget\" data-widget_type=\"iheading.default\">\n\t\t\t\t<div class=\"elementor-widget-container\">\n\t\t\t\t\t\t\t<div class=\"ot-heading\">\r\n\t        \t            <span>\/\/ CASOS DE \u00c9XITO<\/span>\r\n\t        <h2 class=\"main-heading\">Sello Covid-19<\/h2>\t    <\/div>\r\n\t    \t\t\t\t<\/div>\n\t\t\t\t<\/div>\n\t\t\t\t<div class=\"elementor-element elementor-element-0afcf2f elementor-widget elementor-widget-text-editor\" data-id=\"0afcf2f\" data-element_type=\"widget\" data-widget_type=\"text-editor.default\">\n\t\t\t\t<div class=\"elementor-widget-container\">\n\t\t\t\t\t\t\t\t\t<p><span class=\"HwtZe\" lang=\"es\"><span class=\"jCAhz ChMk0b\"><span class=\"ryNqvb\">Certificaci\u00f3n enfocada en la correcta aplicaci\u00f3n de medidas preventivas para evitar el contagio de Covid-19 en los centros de trabajo.<\/span><\/span><\/span><\/p>\t\t\t\t\t\t\t\t<\/div>\n\t\t\t\t<\/div>\n\t\t\t\t\t<\/div>\n\t\t<\/div>\n\t\t\t\t<div class=\"elementor-column elementor-col-50 elementor-inner-column elementor-element elementor-element-4381df4 ot-flex-column-vertical\" data-id=\"4381df4\" data-element_type=\"column\">\n\t\t\t<div class=\"elementor-widget-wrap elementor-element-populated\">\n\t\t\t\t\t\t<div class=\"elementor-element elementor-element-7d086de elementor-arrows-position-inside elementor-pagination-position-outside elementor-widget elementor-widget-image-carousel\" data-id=\"7d086de\" data-element_type=\"widget\" data-settings=\"{&quot;slides_to_show&quot;:&quot;1&quot;,&quot;navigation&quot;:&quot;both&quot;,&quot;autoplay&quot;:&quot;yes&quot;,&quot;pause_on_hover&quot;:&quot;yes&quot;,&quot;pause_on_interaction&quot;:&quot;yes&quot;,&quot;autoplay_speed&quot;:5000,&quot;infinite&quot;:&quot;yes&quot;,&quot;effect&quot;:&quot;slide&quot;,&quot;speed&quot;:500}\" data-widget_type=\"image-carousel.default\">\n\t\t\t\t<div class=\"elementor-widget-container\">\n\t\t\t\t\t\t\t<div class=\"elementor-image-carousel-wrapper swiper\" role=\"region\" aria-roledescription=\"carousel\" aria-label=\"Carrusel de im\u00e1genes\" dir=\"ltr\">\n\t\t\t<div class=\"elementor-image-carousel swiper-wrapper\" aria-live=\"off\">\n\t\t\t\t\t\t\t\t<div class=\"swiper-slide\" role=\"group\" aria-roledescription=\"slide\" aria-label=\"1 de 7\"><figure class=\"swiper-slide-inner\"><img decoding=\"async\" class=\"swiper-slide-image\" src=\"https:\/\/exproasesorias.com\/peru\/wp-content\/uploads\/2023\/06\/co3.jpg\" alt=\"co3\" \/><\/figure><\/div><div class=\"swiper-slide\" role=\"group\" aria-roledescription=\"slide\" aria-label=\"2 de 7\"><figure class=\"swiper-slide-inner\"><img decoding=\"async\" class=\"swiper-slide-image\" src=\"https:\/\/exproasesorias.com\/peru\/wp-content\/uploads\/2023\/06\/co7.jpg\" alt=\"co7\" \/><\/figure><\/div><div class=\"swiper-slide\" role=\"group\" aria-roledescription=\"slide\" aria-label=\"3 de 7\"><figure class=\"swiper-slide-inner\"><img decoding=\"async\" class=\"swiper-slide-image\" src=\"https:\/\/exproasesorias.com\/peru\/wp-content\/uploads\/2023\/06\/co2.jpg\" alt=\"co2\" \/><\/figure><\/div><div class=\"swiper-slide\" role=\"group\" aria-roledescription=\"slide\" aria-label=\"4 de 7\"><figure class=\"swiper-slide-inner\"><img decoding=\"async\" class=\"swiper-slide-image\" src=\"https:\/\/exproasesorias.com\/peru\/wp-content\/uploads\/2023\/06\/co1.jpg\" alt=\"co1\" \/><\/figure><\/div><div class=\"swiper-slide\" role=\"group\" aria-roledescription=\"slide\" aria-label=\"5 de 7\"><figure class=\"swiper-slide-inner\"><img decoding=\"async\" class=\"swiper-slide-image\" src=\"https:\/\/exproasesorias.com\/peru\/wp-content\/uploads\/2023\/06\/co4.jpg\" alt=\"co4\" \/><\/figure><\/div><div class=\"swiper-slide\" role=\"group\" aria-roledescription=\"slide\" aria-label=\"6 de 7\"><figure class=\"swiper-slide-inner\"><img decoding=\"async\" class=\"swiper-slide-image\" src=\"https:\/\/exproasesorias.com\/peru\/wp-content\/uploads\/2023\/06\/co8_.jpg\" alt=\"co8_\" \/><\/figure><\/div><div class=\"swiper-slide\" role=\"group\" aria-roledescription=\"slide\" aria-label=\"7 de 7\"><figure class=\"swiper-slide-inner\"><img decoding=\"async\" class=\"swiper-slide-image\" src=\"https:\/\/exproasesorias.com\/peru\/wp-content\/uploads\/2023\/06\/co6.jpg\" alt=\"co6\" \/><\/figure><\/div>\t\t\t<\/div>\n\t\t\t\t\t\t\t\t\t\t\t\t<div class=\"elementor-swiper-button elementor-swiper-button-prev\" role=\"button\" tabindex=\"0\">\n\t\t\t\t\t\t<i aria-hidden=\"true\" class=\"eicon-chevron-left\"><\/i>\t\t\t\t\t<\/div>\n\t\t\t\t\t<div class=\"elementor-swiper-button elementor-swiper-button-next\" role=\"button\" tabindex=\"0\">\n\t\t\t\t\t\t<i aria-hidden=\"true\" class=\"eicon-chevron-right\"><\/i>\t\t\t\t\t<\/div>\n\t\t\t\t\n\t\t\t\t\t\t\t\t\t<div class=\"swiper-pagination\"><\/div>\n\t\t\t\t\t\t\t\t\t<\/div>\n\t\t\t\t\t\t<\/div>\n\t\t\t\t<\/div>\n\t\t\t\t\t<\/div>\n\t\t<\/div>\n\t\t\t\t\t<\/div>\n\t\t<\/section>\n\t\t\t\t\t<\/div>\n\t\t<\/div>\n\t\t\t\t\t<\/div>\n\t\t<\/section>\n\t\t\t\t<section class=\"elementor-section elementor-top-section elementor-element elementor-element-ec4dee2 elementor-section-content-middle ot-traditional elementor-section-boxed elementor-section-height-default elementor-section-height-default\" data-id=\"ec4dee2\" data-element_type=\"section\" data-settings=\"{&quot;background_background&quot;:&quot;classic&quot;}\">\n\t\t\t\t\t\t<div class=\"elementor-container elementor-column-gap-extended\">\n\t\t\t\t\t<div class=\"elementor-column elementor-col-50 elementor-top-column elementor-element elementor-element-ce6c67c ot-flex-column-vertical\" data-id=\"ce6c67c\" data-element_type=\"column\">\n\t\t\t<div class=\"elementor-widget-wrap elementor-element-populated\">\n\t\t\t\t\t\t<div class=\"elementor-element elementor-element-b3ad8ed elementor-arrows-position-inside elementor-pagination-position-outside elementor-widget elementor-widget-image-carousel\" data-id=\"b3ad8ed\" data-element_type=\"widget\" data-settings=\"{&quot;slides_to_show&quot;:&quot;1&quot;,&quot;navigation&quot;:&quot;both&quot;,&quot;autoplay&quot;:&quot;yes&quot;,&quot;pause_on_hover&quot;:&quot;yes&quot;,&quot;pause_on_interaction&quot;:&quot;yes&quot;,&quot;autoplay_speed&quot;:5000,&quot;infinite&quot;:&quot;yes&quot;,&quot;effect&quot;:&quot;slide&quot;,&quot;speed&quot;:500}\" data-widget_type=\"image-carousel.default\">\n\t\t\t\t<div class=\"elementor-widget-container\">\n\t\t\t\t\t\t\t<div class=\"elementor-image-carousel-wrapper swiper\" role=\"region\" aria-roledescription=\"carousel\" aria-label=\"Carrusel de im\u00e1genes\" dir=\"ltr\">\n\t\t\t<div class=\"elementor-image-carousel swiper-wrapper\" aria-live=\"off\">\n\t\t\t\t\t\t\t\t<div class=\"swiper-slide\" role=\"group\" aria-roledescription=\"slide\" aria-label=\"1 de 2\"><figure class=\"swiper-slide-inner\"><img decoding=\"async\" class=\"swiper-slide-image\" src=\"https:\/\/exproasesorias.com\/peru\/wp-content\/uploads\/2023\/06\/si1.jpg\" alt=\"si1\" \/><\/figure><\/div><div class=\"swiper-slide\" role=\"group\" aria-roledescription=\"slide\" aria-label=\"2 de 2\"><figure class=\"swiper-slide-inner\"><img decoding=\"async\" class=\"swiper-slide-image\" src=\"https:\/\/exproasesorias.com\/peru\/wp-content\/uploads\/2023\/06\/si2_.jpg\" alt=\"si2_\" \/><\/figure><\/div>\t\t\t<\/div>\n\t\t\t\t\t\t\t\t\t\t\t\t<div class=\"elementor-swiper-button elementor-swiper-button-prev\" role=\"button\" tabindex=\"0\">\n\t\t\t\t\t\t<i aria-hidden=\"true\" class=\"eicon-chevron-left\"><\/i>\t\t\t\t\t<\/div>\n\t\t\t\t\t<div class=\"elementor-swiper-button elementor-swiper-button-next\" role=\"button\" tabindex=\"0\">\n\t\t\t\t\t\t<i aria-hidden=\"true\" class=\"eicon-chevron-right\"><\/i>\t\t\t\t\t<\/div>\n\t\t\t\t\n\t\t\t\t\t\t\t\t\t<div class=\"swiper-pagination\"><\/div>\n\t\t\t\t\t\t\t\t\t<\/div>\n\t\t\t\t\t\t<\/div>\n\t\t\t\t<\/div>\n\t\t\t\t\t<\/div>\n\t\t<\/div>\n\t\t\t\t<div class=\"elementor-column elementor-col-50 elementor-top-column elementor-element elementor-element-7cc5af7 ot-flex-column-vertical\" data-id=\"7cc5af7\" data-element_type=\"column\">\n\t\t\t<div class=\"elementor-widget-wrap elementor-element-populated\">\n\t\t\t\t\t\t<div class=\"elementor-element elementor-element-d7b676c elementor-widget elementor-widget-iheading\" data-id=\"d7b676c\" data-element_type=\"widget\" data-widget_type=\"iheading.default\">\n\t\t\t\t<div class=\"elementor-widget-container\">\n\t\t\t\t\t\t\t<div class=\"ot-heading\">\r\n\t        \t            <span>\/\/ CASOS DE \u00c9XITO<\/span>\r\n\t        <h2 class=\"main-heading\">Simulacro de emergencias<\/h2>\t    <\/div>\r\n\t    \t\t\t\t<\/div>\n\t\t\t\t<\/div>\n\t\t\t\t<div class=\"elementor-element elementor-element-1ad4d4a elementor-widget elementor-widget-text-editor\" data-id=\"1ad4d4a\" data-element_type=\"widget\" data-widget_type=\"text-editor.default\">\n\t\t\t\t<div class=\"elementor-widget-container\">\n\t\t\t\t\t\t\t\t\t<p><span class=\"animadoo zoomIn\"><span class=\"HwtZe\" lang=\"es\"><span class=\"jCAhz ChMk0b\"><span class=\"ryNqvb\">Desarrollamos actividades pr\u00e1cticas coordinadas ante eventuales emergencias que pudiese ocurrir en los distintos centros de trabajo dependiendo de su geograf\u00eda y procesos que desarrollan.<\/span><\/span><\/span><\/span><\/p>\t\t\t\t\t\t\t\t<\/div>\n\t\t\t\t<\/div>\n\t\t\t\t\t<\/div>\n\t\t<\/div>\n\t\t\t\t\t<\/div>\n\t\t<\/section>\n\t\t\t\t<section class=\"elementor-section elementor-top-section elementor-element elementor-element-ba17f96 ot-traditional elementor-section-boxed elementor-section-height-default elementor-section-height-default\" data-id=\"ba17f96\" data-element_type=\"section\" data-settings=\"{&quot;background_background&quot;:&quot;classic&quot;}\">\n\t\t\t\t\t\t<div class=\"elementor-container elementor-column-gap-default\">\n\t\t\t\t\t<div class=\"elementor-column elementor-col-100 elementor-top-column elementor-element elementor-element-47e15dd ot-flex-column-vertical\" data-id=\"47e15dd\" data-element_type=\"column\">\n\t\t\t<div class=\"elementor-widget-wrap elementor-element-populated\">\n\t\t\t\t\t\t<div class=\"elementor-element elementor-element-5d7cdcc elementor-widget elementor-widget-heading\" data-id=\"5d7cdcc\" data-element_type=\"widget\" data-widget_type=\"heading.default\">\n\t\t\t\t<div class=\"elementor-widget-container\">\n\t\t\t\t\t<p class=\"elementor-heading-title elementor-size-default\">\/\/ \u00a1Escr\u00edbenos! Estamos aqu\u00ed para responder tus preguntas 24\/7<\/p>\t\t\t\t<\/div>\n\t\t\t\t<\/div>\n\t\t\t\t<div class=\"elementor-element elementor-element-eb686c2 elementor-widget elementor-widget-heading\" data-id=\"eb686c2\" data-element_type=\"widget\" data-widget_type=\"heading.default\">\n\t\t\t\t<div class=\"elementor-widget-container\">\n\t\t\t\t\t<h2 class=\"elementor-heading-title elementor-size-default\">SOLICITA TU DIAGN\u00d3STICO INICIAL SIN COSTO<\/h2>\t\t\t\t<\/div>\n\t\t\t\t<\/div>\n\t\t\t\t<div class=\"elementor-element elementor-element-2cdc4b0 elementor-align-center elementor-widget elementor-widget-ibutton\" data-id=\"2cdc4b0\" data-element_type=\"widget\" data-widget_type=\"ibutton.default\">\n\t\t\t\t<div class=\"elementor-widget-container\">\n\t\t\t\t\t\t\t<div class=\"ot-button\">\r\n\t\t\t<a href=\"https:\/\/exproasesorias.com\/peru\/contacto\/\" class=\"octf-btn octf-btn-primary\">CONT\u00c1CTANOS<\/a>\r\n\t    <\/div>\r\n\t    \t\t\t\t<\/div>\n\t\t\t\t<\/div>\n\t\t\t\t\t<\/div>\n\t\t<\/div>\n\t\t\t\t\t<\/div>\n\t\t<\/section>\n\t\t\t\t<\/div>\n\t\t","protected":false},"excerpt":{"rendered":"<p>\/\/ CASOS DE \u00c9XITO Plan Protegess Certificaci\u00f3n enfocada a la correcta ejecuci\u00f3n y aplicaci\u00f3n de situaciones de emergencias en establecimientos educacionales. \/\/ CASOS DE \u00c9XITO Sello Covid-19 Certificaci\u00f3n enfocada en la correcta aplicaci\u00f3n de medidas preventivas para evitar el contagio de Covid-19 en los centros de trabajo. Imagen anterior Imagen siguiente Imagen anterior Imagen siguiente [&hellip;]<\/p>\n","protected":false},"author":1,"featured_media":0,"parent":0,"menu_order":0,"comment_status":"closed","ping_status":"closed","template":"","meta":{"footnotes":""},"class_list":["post-5979","page","type-page","status-publish","hentry"],"yoast_head":"<!-- This site is optimized with the Yoast SEO plugin v25.0 - https:\/\/yoast.com\/wordpress\/plugins\/seo\/ -->\n<title>Casos de \u00c9xito - Exproasesorias<\/title>\n<meta name=\"description\" content=\"En Expro Asesorias elaboramos y realizamos documentos relacionados con la seguridad y salud en el trabajo. Somos tu socio estrat\u00e9gico\" \/>\n<meta name=\"robots\" content=\"noindex, follow, max-snippet:-1, max-image-preview:large, max-video-preview:-1\" \/>\n<meta property=\"og:locale\" content=\"es_ES\" \/>\n<meta property=\"og:type\" content=\"article\" \/>\n<meta property=\"og:title\" content=\"Casos de \u00c9xito - Exproasesorias\" \/>\n<meta property=\"og:description\" content=\"En Expro Asesorias elaboramos y realizamos documentos relacionados con la seguridad y salud en el trabajo. Somos tu socio estrat\u00e9gico\" \/>\n<meta property=\"og:url\" content=\"https:\/\/exproasesorias.com\/peru\/casos-de-exito\/\" \/>\n<meta property=\"og:site_name\" content=\"Exproasesorias\" \/>\n<meta property=\"article:modified_time\" content=\"2023-10-11T23:48:54+00:00\" \/>\n<meta property=\"og:image\" content=\"https:\/\/exproasesorias.com\/peru\/wp-content\/uploads\/2023\/06\/pro1.jpg\" \/>\n<meta name=\"twitter:card\" content=\"summary_large_image\" \/>\n<meta name=\"twitter:label1\" content=\"Tiempo de lectura\" \/>\n\t<meta name=\"twitter:data1\" content=\"3 minutos\" \/>\n<script type=\"application\/ld+json\" class=\"yoast-schema-graph\">{\"@context\":\"https:\/\/schema.org\",\"@graph\":[{\"@type\":\"WebPage\",\"@id\":\"https:\/\/exproasesorias.com\/peru\/casos-de-exito\/\",\"url\":\"https:\/\/exproasesorias.com\/peru\/casos-de-exito\/\",\"name\":\"Casos de \u00c9xito - Exproasesorias\",\"isPartOf\":{\"@id\":\"https:\/\/exproasesorias.com\/peru\/#website\"},\"primaryImageOfPage\":{\"@id\":\"https:\/\/exproasesorias.com\/peru\/casos-de-exito\/#primaryimage\"},\"image\":{\"@id\":\"https:\/\/exproasesorias.com\/peru\/casos-de-exito\/#primaryimage\"},\"thumbnailUrl\":\"https:\/\/exproasesorias.com\/peru\/wp-content\/uploads\/2023\/06\/pro1.jpg\",\"datePublished\":\"2023-06-09T14:37:41+00:00\",\"dateModified\":\"2023-10-11T23:48:54+00:00\",\"description\":\"En Expro Asesorias elaboramos y realizamos documentos relacionados con la seguridad y salud en el trabajo. Somos tu socio estrat\u00e9gico\",\"breadcrumb\":{\"@id\":\"https:\/\/exproasesorias.com\/peru\/casos-de-exito\/#breadcrumb\"},\"inLanguage\":\"es\",\"potentialAction\":[{\"@type\":\"ReadAction\",\"target\":[\"https:\/\/exproasesorias.com\/peru\/casos-de-exito\/\"]}]},{\"@type\":\"ImageObject\",\"inLanguage\":\"es\",\"@id\":\"https:\/\/exproasesorias.com\/peru\/casos-de-exito\/#primaryimage\",\"url\":\"https:\/\/exproasesorias.com\/peru\/wp-content\/uploads\/2023\/06\/pro1.jpg\",\"contentUrl\":\"https:\/\/exproasesorias.com\/peru\/wp-content\/uploads\/2023\/06\/pro1.jpg\",\"width\":710,\"height\":697},{\"@type\":\"BreadcrumbList\",\"@id\":\"https:\/\/exproasesorias.com\/peru\/casos-de-exito\/#breadcrumb\",\"itemListElement\":[{\"@type\":\"ListItem\",\"position\":1,\"name\":\"Portada\",\"item\":\"https:\/\/exproasesorias.com\/peru\/\"},{\"@type\":\"ListItem\",\"position\":2,\"name\":\"Casos de \u00c9xito\"}]},{\"@type\":\"WebSite\",\"@id\":\"https:\/\/exproasesorias.com\/peru\/#website\",\"url\":\"https:\/\/exproasesorias.com\/peru\/\",\"name\":\"Expro Asesorias\",\"description\":\"Exproasesorias\",\"publisher\":{\"@id\":\"https:\/\/exproasesorias.com\/peru\/#organization\"},\"inLanguage\":\"es\"},{\"@type\":\"Organization\",\"@id\":\"https:\/\/exproasesorias.com\/peru\/#organization\",\"name\":\"Expro Asesorias\",\"url\":\"https:\/\/exproasesorias.com\/peru\/\",\"logo\":{\"@type\":\"ImageObject\",\"inLanguage\":\"es\",\"@id\":\"https:\/\/exproasesorias.com\/peru\/#\/schema\/logo\/image\/\",\"url\":\"https:\/\/exproasesorias.com\/peru\/wp-content\/uploads\/2023\/05\/cargando.png\",\"contentUrl\":\"https:\/\/exproasesorias.com\/peru\/wp-content\/uploads\/2023\/05\/cargando.png\",\"width\":100,\"height\":100,\"caption\":\"Expro Asesorias\"},\"image\":{\"@id\":\"https:\/\/exproasesorias.com\/peru\/#\/schema\/logo\/image\/\"}}]}<\/script>\n<!-- \/ Yoast SEO plugin. -->","yoast_head_json":{"title":"Casos de \u00c9xito - Exproasesorias","description":"En Expro Asesorias elaboramos y realizamos documentos relacionados con la seguridad y salud en el trabajo. Somos tu socio estrat\u00e9gico","robots":{"index":"noindex","follow":"follow","max-snippet":"max-snippet:-1","max-image-preview":"max-image-preview:large","max-video-preview":"max-video-preview:-1"},"og_locale":"es_ES","og_type":"article","og_title":"Casos de \u00c9xito - Exproasesorias","og_description":"En Expro Asesorias elaboramos y realizamos documentos relacionados con la seguridad y salud en el trabajo. Somos tu socio estrat\u00e9gico","og_url":"https:\/\/exproasesorias.com\/peru\/casos-de-exito\/","og_site_name":"Exproasesorias","article_modified_time":"2023-10-11T23:48:54+00:00","og_image":[{"url":"https:\/\/exproasesorias.com\/peru\/wp-content\/uploads\/2023\/06\/pro1.jpg","type":"","width":"","height":""}],"twitter_card":"summary_large_image","twitter_misc":{"Tiempo de lectura":"3 minutos"},"schema":{"@context":"https:\/\/schema.org","@graph":[{"@type":"WebPage","@id":"https:\/\/exproasesorias.com\/peru\/casos-de-exito\/","url":"https:\/\/exproasesorias.com\/peru\/casos-de-exito\/","name":"Casos de \u00c9xito - Exproasesorias","isPartOf":{"@id":"https:\/\/exproasesorias.com\/peru\/#website"},"primaryImageOfPage":{"@id":"https:\/\/exproasesorias.com\/peru\/casos-de-exito\/#primaryimage"},"image":{"@id":"https:\/\/exproasesorias.com\/peru\/casos-de-exito\/#primaryimage"},"thumbnailUrl":"https:\/\/exproasesorias.com\/peru\/wp-content\/uploads\/2023\/06\/pro1.jpg","datePublished":"2023-06-09T14:37:41+00:00","dateModified":"2023-10-11T23:48:54+00:00","description":"En Expro Asesorias elaboramos y realizamos documentos relacionados con la seguridad y salud en el trabajo. Somos tu socio estrat\u00e9gico","breadcrumb":{"@id":"https:\/\/exproasesorias.com\/peru\/casos-de-exito\/#breadcrumb"},"inLanguage":"es","potentialAction":[{"@type":"ReadAction","target":["https:\/\/exproasesorias.com\/peru\/casos-de-exito\/"]}]},{"@type":"ImageObject","inLanguage":"es","@id":"https:\/\/exproasesorias.com\/peru\/casos-de-exito\/#primaryimage","url":"https:\/\/exproasesorias.com\/peru\/wp-content\/uploads\/2023\/06\/pro1.jpg","contentUrl":"https:\/\/exproasesorias.com\/peru\/wp-content\/uploads\/2023\/06\/pro1.jpg","width":710,"height":697},{"@type":"BreadcrumbList","@id":"https:\/\/exproasesorias.com\/peru\/casos-de-exito\/#breadcrumb","itemListElement":[{"@type":"ListItem","position":1,"name":"Portada","item":"https:\/\/exproasesorias.com\/peru\/"},{"@type":"ListItem","position":2,"name":"Casos de \u00c9xito"}]},{"@type":"WebSite","@id":"https:\/\/exproasesorias.com\/peru\/#website","url":"https:\/\/exproasesorias.com\/peru\/","name":"Expro Asesorias","description":"Exproasesorias","publisher":{"@id":"https:\/\/exproasesorias.com\/peru\/#organization"},"inLanguage":"es"},{"@type":"Organization","@id":"https:\/\/exproasesorias.com\/peru\/#organization","name":"Expro Asesorias","url":"https:\/\/exproasesorias.com\/peru\/","logo":{"@type":"ImageObject","inLanguage":"es","@id":"https:\/\/exproasesorias.com\/peru\/#\/schema\/logo\/image\/","url":"https:\/\/exproasesorias.com\/peru\/wp-content\/uploads\/2023\/05\/cargando.png","contentUrl":"https:\/\/exproasesorias.com\/peru\/wp-content\/uploads\/2023\/05\/cargando.png","width":100,"height":100,"caption":"Expro Asesorias"},"image":{"@id":"https:\/\/exproasesorias.com\/peru\/#\/schema\/logo\/image\/"}}]}},"_links":{"self":[{"href":"https:\/\/exproasesorias.com\/peru\/wp-json\/wp\/v2\/pages\/5979","targetHints":{"allow":["GET"]}}],"collection":[{"href":"https:\/\/exproasesorias.com\/peru\/wp-json\/wp\/v2\/pages"}],"about":[{"href":"https:\/\/exproasesorias.com\/peru\/wp-json\/wp\/v2\/types\/page"}],"author":[{"embeddable":true,"href":"https:\/\/exproasesorias.com\/peru\/wp-json\/wp\/v2\/users\/1"}],"replies":[{"embeddable":true,"href":"https:\/\/exproasesorias.com\/peru\/wp-json\/wp\/v2\/comments?post=5979"}],"version-history":[{"count":0,"href":"https:\/\/exproasesorias.com\/peru\/wp-json\/wp\/v2\/pages\/5979\/revisions"}],"wp:attachment":[{"href":"https:\/\/exproasesorias.com\/peru\/wp-json\/wp\/v2\/media?parent=5979"}],"curies":[{"name":"wp","href":"https:\/\/api.w.org\/{rel}","templated":true}]}}