{"id":5259,"date":"2023-06-01T15:34:29","date_gmt":"2023-06-01T15:34:29","guid":{"rendered":"https:\/\/exproasesorias.com\/?page_id=5259"},"modified":"2025-05-15T15:27:35","modified_gmt":"2025-05-15T15:27:35","slug":"consultoria-integrales-sst","status":"publish","type":"page","link":"https:\/\/exproasesorias.com\/peru\/consultoria-integrales-sst\/","title":{"rendered":"consultoria integrales sst"},"content":{"rendered":"\t\t<div data-elementor-type=\"wp-page\" data-elementor-id=\"5259\" class=\"elementor elementor-5259\">\n\t\t\t\t\t\t<section class=\"elementor-section elementor-top-section elementor-element elementor-element-4ecb410 elementor-section-content-middle ot-traditional elementor-section-boxed elementor-section-height-default elementor-section-height-default\" data-id=\"4ecb410\" data-element_type=\"section\" data-settings=\"{&quot;background_background&quot;:&quot;classic&quot;}\">\n\t\t\t\t\t\t<div class=\"elementor-container elementor-column-gap-extended\">\n\t\t\t\t\t<div class=\"elementor-column elementor-col-50 elementor-top-column elementor-element elementor-element-fb9ab0a ot-column-items-top ot-flex-column-vertical\" data-id=\"fb9ab0a\" data-element_type=\"column\">\n\t\t\t<div class=\"elementor-widget-wrap elementor-element-populated\">\n\t\t\t\t\t\t<div class=\"elementor-element elementor-element-321f89e elementor-invisible elementor-widget elementor-widget-image\" data-id=\"321f89e\" data-element_type=\"widget\" data-settings=\"{&quot;_animation&quot;:&quot;zoomIn&quot;}\" data-widget_type=\"image.default\">\n\t\t\t\t<div class=\"elementor-widget-container\">\n\t\t\t\t\t\t\t\t\t\t\t\t\t\t\t<img fetchpriority=\"high\" decoding=\"async\" width=\"710\" height=\"697\" src=\"https:\/\/exproasesorias.com\/peru\/wp-content\/uploads\/2025\/05\/img_apoyo_consultoria.jpg\" class=\"attachment-full size-full wp-image-9251\" alt=\"\" srcset=\"https:\/\/exproasesorias.com\/peru\/wp-content\/uploads\/2025\/05\/img_apoyo_consultoria.jpg 710w, https:\/\/exproasesorias.com\/peru\/wp-content\/uploads\/2025\/05\/img_apoyo_consultoria-300x295.jpg 300w\" sizes=\"(max-width: 710px) 100vw, 710px\" \/>\t\t\t\t\t\t\t\t\t\t\t\t\t\t\t<\/div>\n\t\t\t\t<\/div>\n\t\t\t\t\t<\/div>\n\t\t<\/div>\n\t\t\t\t<div class=\"elementor-column elementor-col-50 elementor-top-column elementor-element elementor-element-815d161 ot-flex-column-vertical\" data-id=\"815d161\" data-element_type=\"column\">\n\t\t\t<div class=\"elementor-widget-wrap elementor-element-populated\">\n\t\t\t\t\t\t<div class=\"elementor-element elementor-element-d49007b elementor-widget elementor-widget-iheading\" data-id=\"d49007b\" data-element_type=\"widget\" data-widget_type=\"iheading.default\">\n\t\t\t\t<div class=\"elementor-widget-container\">\n\t\t\t\t\t\t\t<div class=\"ot-heading\">\r\n\t        \t            <span>\/\/ CONSULTORIA SST<\/span>\r\n\t        <h2 class=\"main-heading\">Consultor\u00edas Integrales\n<\/h2>\t    <\/div>\r\n\t    \t\t\t\t<\/div>\n\t\t\t\t<\/div>\n\t\t\t\t<div class=\"elementor-element elementor-element-ceb4784 elementor-widget__width-initial elementor-widget elementor-widget-text-editor\" data-id=\"ceb4784\" data-element_type=\"widget\" data-widget_type=\"text-editor.default\">\n\t\t\t\t<div class=\"elementor-widget-container\">\n\t\t\t\t\t\t\t\t\t<p>Ofrecemos consultor\u00eda integral en Seguridad y Salud en el Trabajo (SST). Nuestro enfoque abarca la identificaci\u00f3n y evaluaci\u00f3n de riesgos, as\u00ed como el dise\u00f1o e implementaci\u00f3n de medidas preventivas y correctivas. Tambi\u00e9n brindamos capacitaci\u00f3n continua a los trabajadores para asegurar un entorno laboral seguro y conforme a normativas locales e internacionales. Colaboramos estrechamente con nuestros clientes para desarrollar planes de prevenci\u00f3n personalizados que optimicen sus procesos operativos y mejoren la seguridad en el trabajo.<\/p>\t\t\t\t\t\t\t\t<\/div>\n\t\t\t\t<\/div>\n\t\t\t\t\t<\/div>\n\t\t<\/div>\n\t\t\t\t\t<\/div>\n\t\t<\/section>\n\t\t\t\t<section class=\"elementor-section elementor-top-section elementor-element elementor-element-b74d881 elementor-section-content-middle ot-traditional elementor-section-boxed elementor-section-height-default elementor-section-height-default\" data-id=\"b74d881\" data-element_type=\"section\" data-settings=\"{&quot;background_background&quot;:&quot;classic&quot;}\">\n\t\t\t\t\t\t<div class=\"elementor-container elementor-column-gap-extended\">\n\t\t\t\t\t<div class=\"elementor-column elementor-col-100 elementor-top-column elementor-element elementor-element-5f10f3a ot-flex-column-vertical\" data-id=\"5f10f3a\" data-element_type=\"column\">\n\t\t\t<div class=\"elementor-widget-wrap elementor-element-populated\">\n\t\t\t\t\t\t<section class=\"elementor-section elementor-inner-section elementor-element elementor-element-b5f9d4f elementor-section-full_width ot-traditional elementor-section-height-default elementor-section-height-default\" data-id=\"b5f9d4f\" data-element_type=\"section\">\n\t\t\t\t\t\t<div class=\"elementor-container elementor-column-gap-extended\">\n\t\t\t\t\t<div class=\"elementor-column elementor-col-25 elementor-inner-column elementor-element elementor-element-ac0bb71 ot-flex-column-vertical\" data-id=\"ac0bb71\" data-element_type=\"column\">\n\t\t\t<div class=\"elementor-widget-wrap elementor-element-populated\">\n\t\t\t\t\t\t<div class=\"elementor-element elementor-element-6f03da6 elementor-widget elementor-widget-itechbox\" data-id=\"6f03da6\" data-element_type=\"widget\" data-widget_type=\"itechbox.default\">\n\t\t\t\t<div class=\"elementor-widget-container\">\n\t\t\t\t\t\t\t<a class=\"tech-box\" href=\"#\" target=\"_blank\">\r\n\t\t\t<div class=\"icon-main\">\r\n\t\t        <i aria-hidden=\"true\" class=\"far fa-chart-bar\"><\/i>\t\t\t    \t\t        \t        <\/div>\r\n\t        <h5>DISMINUCI\u00d3N DE INDICADORES EN ACC. TRABAJO Y\/O ENF. OCUPACIONALES.<\/h5>\r\n        <\/a>\r\n\t    \t\t\t\t<\/div>\n\t\t\t\t<\/div>\n\t\t\t\t<div class=\"elementor-element elementor-element-597e4ba elementor-widget elementor-widget-itechbox\" data-id=\"597e4ba\" data-element_type=\"widget\" data-widget_type=\"itechbox.default\">\n\t\t\t\t<div class=\"elementor-widget-container\">\n\t\t\t\t\t\t\t<a class=\"tech-box\" href=\"#\">\r\n\t\t\t<div class=\"icon-main\">\r\n\t\t        <i aria-hidden=\"true\" class=\"fas fa-gavel\"><\/i>\t\t\t    \t\t        \t        <\/div>\r\n\t        <h5>CUMPLIMIENTO<br> LEGAL. <\/h5>\r\n        <\/a>\r\n\t    \t\t\t\t<\/div>\n\t\t\t\t<\/div>\n\t\t\t\t\t<\/div>\n\t\t<\/div>\n\t\t\t\t<div class=\"elementor-column elementor-col-25 elementor-inner-column elementor-element elementor-element-f354bab ot-flex-column-vertical\" data-id=\"f354bab\" data-element_type=\"column\">\n\t\t\t<div class=\"elementor-widget-wrap elementor-element-populated\">\n\t\t\t\t\t\t<div class=\"elementor-element elementor-element-095bfd4 elementor-widget elementor-widget-itechbox\" data-id=\"095bfd4\" data-element_type=\"widget\" data-widget_type=\"itechbox.default\">\n\t\t\t\t<div class=\"elementor-widget-container\">\n\t\t\t\t\t\t\t<a class=\"tech-box\" href=\"#\" target=\"_blank\">\r\n\t\t\t<div class=\"icon-main\">\r\n\t\t        <i aria-hidden=\"true\" class=\"far fa-file\"><\/i>\t\t\t    \t\t        \t        <\/div>\r\n\t        <h5>ELABORACI\u00d3N DOCUMENTOS SST.<br><br><br><\/h5>\r\n        <\/a>\r\n\t    \t\t\t\t<\/div>\n\t\t\t\t<\/div>\n\t\t\t\t<div class=\"elementor-element elementor-element-b3405c3 elementor-widget elementor-widget-itechbox\" data-id=\"b3405c3\" data-element_type=\"widget\" data-widget_type=\"itechbox.default\">\n\t\t\t\t<div class=\"elementor-widget-container\">\n\t\t\t\t\t\t\t<a class=\"tech-box\" href=\"#\">\r\n\t\t\t<div class=\"icon-main\">\r\n\t\t        <i aria-hidden=\"true\" class=\"fas fa-laptop-house\"><\/i>\t\t\t    \t\t        \t        <\/div>\r\n\t        <h5>IMPLEMENTACI\u00d3N TELETRABAJO.<\/h5>\r\n        <\/a>\r\n\t    \t\t\t\t<\/div>\n\t\t\t\t<\/div>\n\t\t\t\t\t<\/div>\n\t\t<\/div>\n\t\t\t\t<div class=\"elementor-column elementor-col-25 elementor-inner-column elementor-element elementor-element-fdf45d2 ot-flex-column-vertical\" data-id=\"fdf45d2\" data-element_type=\"column\">\n\t\t\t<div class=\"elementor-widget-wrap elementor-element-populated\">\n\t\t\t\t\t\t<div class=\"elementor-element elementor-element-d1b9099 elementor-widget elementor-widget-itechbox\" data-id=\"d1b9099\" data-element_type=\"widget\" data-widget_type=\"itechbox.default\">\n\t\t\t\t<div class=\"elementor-widget-container\">\n\t\t\t\t\t\t\t<a class=\"tech-box\" href=\"#\">\r\n\t\t\t<div class=\"icon-main\">\r\n\t\t        <i aria-hidden=\"true\" class=\"far fa-user\"><\/i>\t\t\t    \t\t        \t        <\/div>\r\n\t        <h5>CAPACITACIONES E INSPECCIONES EN SST. <br><br><br><\/h5>\r\n        <\/a>\r\n\t    \t\t\t\t<\/div>\n\t\t\t\t<\/div>\n\t\t\t\t<div class=\"elementor-element elementor-element-5e6a5ff elementor-widget elementor-widget-itechbox\" data-id=\"5e6a5ff\" data-element_type=\"widget\" data-widget_type=\"itechbox.default\">\n\t\t\t\t<div class=\"elementor-widget-container\">\n\t\t\t\t\t\t\t<a class=\"tech-box\" href=\"#\">\r\n\t\t\t<div class=\"icon-main\">\r\n\t\t        <i aria-hidden=\"true\" class=\"fas fa-award\"><\/i>\t\t\t    \t\t        \t        <\/div>\r\n\t        <h5>ACREDITACIONES. <br><br><\/h5>\r\n        <\/a>\r\n\t    \t\t\t\t<\/div>\n\t\t\t\t<\/div>\n\t\t\t\t\t<\/div>\n\t\t<\/div>\n\t\t\t\t<div class=\"elementor-column elementor-col-25 elementor-inner-column elementor-element elementor-element-471c379 ot-flex-column-vertical\" data-id=\"471c379\" data-element_type=\"column\">\n\t\t\t<div class=\"elementor-widget-wrap elementor-element-populated\">\n\t\t\t\t\t\t<div class=\"elementor-element elementor-element-eb9b097 elementor-widget elementor-widget-itechbox\" data-id=\"eb9b097\" data-element_type=\"widget\" data-widget_type=\"itechbox.default\">\n\t\t\t\t<div class=\"elementor-widget-container\">\n\t\t\t\t\t\t\t<a class=\"tech-box\" href=\"#\">\r\n\t\t\t<div class=\"icon-main\">\r\n\t\t        <i aria-hidden=\"true\" class=\"far fa-heart\"><\/i>\t\t\t    \t\t        \t        <\/div>\r\n\t        <h5>IMPLEMENTACI\u00d3N SALUD OCUPACIONAL. <br><br><br><\/h5>\r\n        <\/a>\r\n\t    \t\t\t\t<\/div>\n\t\t\t\t<\/div>\n\t\t\t\t<div class=\"elementor-element elementor-element-f605516 elementor-widget elementor-widget-itechbox\" data-id=\"f605516\" data-element_type=\"widget\" data-widget_type=\"itechbox.default\">\n\t\t\t\t<div class=\"elementor-widget-container\">\n\t\t\t\t\t\t\t<a class=\"tech-box\" href=\"#\">\r\n\t\t\t<div class=\"icon-main\">\r\n\t\t        <i aria-hidden=\"true\" class=\"fas fa-hard-hat\"><\/i>\t\t\t    \t\t        \t        <\/div>\r\n\t        <h5>GESTI\u00d3N <br>COMIT\u00c9 SST. <\/h5>\r\n        <\/a>\r\n\t    \t\t\t\t<\/div>\n\t\t\t\t<\/div>\n\t\t\t\t\t<\/div>\n\t\t<\/div>\n\t\t\t\t\t<\/div>\n\t\t<\/section>\n\t\t\t\t\t<\/div>\n\t\t<\/div>\n\t\t\t\t\t<\/div>\n\t\t<\/section>\n\t\t\t\t<section class=\"elementor-section elementor-top-section elementor-element elementor-element-7f4df7c ot-traditional elementor-section-boxed elementor-section-height-default elementor-section-height-default\" data-id=\"7f4df7c\" data-element_type=\"section\" data-settings=\"{&quot;background_background&quot;:&quot;classic&quot;}\">\n\t\t\t\t\t\t<div class=\"elementor-container elementor-column-gap-default\">\n\t\t\t\t\t<div class=\"elementor-column elementor-col-100 elementor-top-column elementor-element elementor-element-2ebb2bc ot-flex-column-vertical\" data-id=\"2ebb2bc\" data-element_type=\"column\">\n\t\t\t<div class=\"elementor-widget-wrap elementor-element-populated\">\n\t\t\t\t\t\t<section class=\"elementor-section elementor-inner-section elementor-element elementor-element-f2c46ff elementor-section-full_width elementor-section-content-middle ot-traditional elementor-section-height-default elementor-section-height-default\" data-id=\"f2c46ff\" data-element_type=\"section\">\n\t\t\t\t\t\t<div class=\"elementor-container elementor-column-gap-extended\">\n\t\t\t\t\t<div class=\"elementor-column elementor-col-50 elementor-inner-column elementor-element elementor-element-325fabe ot-flex-column-vertical\" data-id=\"325fabe\" data-element_type=\"column\">\n\t\t\t<div class=\"elementor-widget-wrap elementor-element-populated\">\n\t\t\t\t\t\t<div class=\"elementor-element elementor-element-38d3bc0 elementor-widget elementor-widget-iheading\" data-id=\"38d3bc0\" data-element_type=\"widget\" data-widget_type=\"iheading.default\">\n\t\t\t\t<div class=\"elementor-widget-container\">\n\t\t\t\t\t\t\t<div class=\"ot-heading\">\r\n\t        \t            <span>\/\/ SERVICIOS<\/span>\r\n\t        <h2 class=\"main-heading\">Nuestra Experiencia<\/h2>\t    <\/div>\r\n\t    \t\t\t\t<\/div>\n\t\t\t\t<\/div>\n\t\t\t\t<div class=\"elementor-element elementor-element-0afcf2f elementor-widget elementor-widget-text-editor\" data-id=\"0afcf2f\" data-element_type=\"widget\" data-widget_type=\"text-editor.default\">\n\t\t\t\t<div class=\"elementor-widget-container\">\n\t\t\t\t\t\t\t\t\t<p><span class=\"HwtZe\" lang=\"es\"><span class=\"jCAhz ChMk0b\"><span class=\"ryNqvb\">Desarrollar nuestra labor con responsabilidad y compromiso a fin de obtener los beneficios que permitan nuestro creciente futuro.<\/span><\/span><\/span><\/p>\t\t\t\t\t\t\t\t<\/div>\n\t\t\t\t<\/div>\n\t\t\t\t<div class=\"elementor-element elementor-element-e9be6e8 elementor-widget elementor-widget-iprogress\" data-id=\"e9be6e8\" data-element_type=\"widget\" data-widget_type=\"iprogress.default\">\n\t\t\t\t<div class=\"elementor-widget-container\">\n\t\t\t\t\t\r\n\t\t\t\t<div class=\"ot-progress\">\r\n\t\t\t<div class=\"overflow\">\r\n\t        \t<span class=\"pname f-left\">Asesor\u00edas Integrales<\/span>\t        \t<span class=\"ppercent f-right\">100%<\/span>\t        <\/div>\r\n\t        <div class=\"iprogress\">\r\n\t\t\t\t<div class=\"progress-bar\" data-percent=\"100%\"><\/div>\r\n\t\t\t<\/div>\r\n\t    <\/div>\r\n\t\t\t\t\t\t<\/div>\n\t\t\t\t<\/div>\n\t\t\t\t<div class=\"elementor-element elementor-element-513657c elementor-widget elementor-widget-iprogress\" data-id=\"513657c\" data-element_type=\"widget\" data-widget_type=\"iprogress.default\">\n\t\t\t\t<div class=\"elementor-widget-container\">\n\t\t\t\t\t\r\n\t\t\t\t<div class=\"ot-progress\">\r\n\t\t\t<div class=\"overflow\">\r\n\t        \t<span class=\"pname f-left\">Sistemas de Gesti\u00f3n <\/span>\t        \t<span class=\"ppercent f-right\">100%<\/span>\t        <\/div>\r\n\t        <div class=\"iprogress\">\r\n\t\t\t\t<div class=\"progress-bar\" data-percent=\"100%\"><\/div>\r\n\t\t\t<\/div>\r\n\t    <\/div>\r\n\t\t\t\t\t\t<\/div>\n\t\t\t\t<\/div>\n\t\t\t\t<div class=\"elementor-element elementor-element-a817d1b elementor-widget elementor-widget-iprogress\" data-id=\"a817d1b\" data-element_type=\"widget\" data-widget_type=\"iprogress.default\">\n\t\t\t\t<div class=\"elementor-widget-container\">\n\t\t\t\t\t\r\n\t\t\t\t<div class=\"ot-progress\">\r\n\t\t\t<div class=\"overflow\">\r\n\t        \t<span class=\"pname f-left\">Acreditaciones<\/span>\t        \t<span class=\"ppercent f-right\">100%<\/span>\t        <\/div>\r\n\t        <div class=\"iprogress\">\r\n\t\t\t\t<div class=\"progress-bar\" data-percent=\"100%\"><\/div>\r\n\t\t\t<\/div>\r\n\t    <\/div>\r\n\t\t\t\t\t\t<\/div>\n\t\t\t\t<\/div>\n\t\t\t\t\t<\/div>\n\t\t<\/div>\n\t\t\t\t<div class=\"elementor-column elementor-col-50 elementor-inner-column elementor-element elementor-element-4381df4 ot-flex-column-vertical\" data-id=\"4381df4\" data-element_type=\"column\">\n\t\t\t<div class=\"elementor-widget-wrap elementor-element-populated\">\n\t\t\t\t\t\t<div class=\"elementor-element elementor-element-b7a9504 elementor-invisible elementor-widget elementor-widget-image\" data-id=\"b7a9504\" data-element_type=\"widget\" data-settings=\"{&quot;_animation&quot;:&quot;zoomIn&quot;}\" data-widget_type=\"image.default\">\n\t\t\t\t<div class=\"elementor-widget-container\">\n\t\t\t\t\t\t\t\t\t\t\t\t\t\t\t<img decoding=\"async\" width=\"710\" height=\"697\" src=\"https:\/\/exproasesorias.com\/peru\/wp-content\/uploads\/2025\/05\/img_int_quienes_equipo2.jpg\" class=\"attachment-full size-full wp-image-9109\" alt=\"\" srcset=\"https:\/\/exproasesorias.com\/peru\/wp-content\/uploads\/2025\/05\/img_int_quienes_equipo2.jpg 710w, https:\/\/exproasesorias.com\/peru\/wp-content\/uploads\/2025\/05\/img_int_quienes_equipo2-300x295.jpg 300w\" sizes=\"(max-width: 710px) 100vw, 710px\" \/>\t\t\t\t\t\t\t\t\t\t\t\t\t\t\t<\/div>\n\t\t\t\t<\/div>\n\t\t\t\t\t<\/div>\n\t\t<\/div>\n\t\t\t\t\t<\/div>\n\t\t<\/section>\n\t\t\t\t\t<\/div>\n\t\t<\/div>\n\t\t\t\t\t<\/div>\n\t\t<\/section>\n\t\t\t\t<\/div>\n\t\t","protected":false},"excerpt":{"rendered":"<p>\/\/ CONSULTORIA SST Consultor\u00edas Integrales Ofrecemos consultor\u00eda integral en Seguridad y Salud en el Trabajo (SST). Nuestro enfoque abarca la identificaci\u00f3n y evaluaci\u00f3n de riesgos, as\u00ed como el dise\u00f1o e implementaci\u00f3n de medidas preventivas y correctivas. Tambi\u00e9n brindamos capacitaci\u00f3n continua a los trabajadores para asegurar un entorno laboral seguro y conforme a normativas locales e [&hellip;]<\/p>\n","protected":false},"author":1,"featured_media":0,"parent":0,"menu_order":0,"comment_status":"closed","ping_status":"closed","template":"","meta":{"footnotes":""},"class_list":["post-5259","page","type-page","status-publish","hentry"],"yoast_head":"<!-- This site is optimized with the Yoast SEO plugin v25.0 - https:\/\/yoast.com\/wordpress\/plugins\/seo\/ -->\n<title>Asesor\u00edas Integrales - con Exproasesorias s\u00e9 parte del cambio<\/title>\n<meta name=\"description\" content=\"Descubre los Beneficios de externalizar la prevenci\u00f3n de riesgos con nosotros. Somos ExproAsesorias y queremos ayudarte a seguir creciendo\" \/>\n<meta name=\"robots\" content=\"noindex, follow, max-snippet:-1, max-image-preview:large, max-video-preview:-1\" \/>\n<meta property=\"og:locale\" content=\"es_ES\" \/>\n<meta property=\"og:type\" content=\"article\" \/>\n<meta property=\"og:title\" content=\"Asesor\u00edas Integrales - con Exproasesorias s\u00e9 parte del cambio\" \/>\n<meta property=\"og:description\" content=\"Descubre los Beneficios de externalizar la prevenci\u00f3n de riesgos con nosotros. Somos ExproAsesorias y queremos ayudarte a seguir creciendo\" \/>\n<meta property=\"og:url\" content=\"https:\/\/exproasesorias.com\/peru\/consultoria-integrales-sst\/\" \/>\n<meta property=\"og:site_name\" content=\"Exproasesorias\" \/>\n<meta property=\"article:modified_time\" content=\"2025-05-15T15:27:35+00:00\" \/>\n<meta property=\"og:image\" content=\"https:\/\/exproasesorias.com\/peru\/wp-content\/uploads\/2025\/05\/img_apoyo_consultoria.jpg\" \/>\n\t<meta property=\"og:image:width\" content=\"710\" \/>\n\t<meta property=\"og:image:height\" content=\"697\" \/>\n\t<meta property=\"og:image:type\" content=\"image\/jpeg\" \/>\n<meta name=\"twitter:card\" content=\"summary_large_image\" \/>\n<meta name=\"twitter:label1\" content=\"Tiempo de lectura\" \/>\n\t<meta name=\"twitter:data1\" content=\"2 minutos\" \/>\n<script type=\"application\/ld+json\" class=\"yoast-schema-graph\">{\"@context\":\"https:\/\/schema.org\",\"@graph\":[{\"@type\":\"WebPage\",\"@id\":\"https:\/\/exproasesorias.com\/peru\/consultoria-integrales-sst\/\",\"url\":\"https:\/\/exproasesorias.com\/peru\/consultoria-integrales-sst\/\",\"name\":\"Asesor\u00edas Integrales - con Exproasesorias s\u00e9 parte del cambio\",\"isPartOf\":{\"@id\":\"https:\/\/exproasesorias.com\/peru\/#website\"},\"primaryImageOfPage\":{\"@id\":\"https:\/\/exproasesorias.com\/peru\/consultoria-integrales-sst\/#primaryimage\"},\"image\":{\"@id\":\"https:\/\/exproasesorias.com\/peru\/consultoria-integrales-sst\/#primaryimage\"},\"thumbnailUrl\":\"https:\/\/exproasesorias.com\/peru\/wp-content\/uploads\/2025\/05\/img_apoyo_consultoria.jpg\",\"datePublished\":\"2023-06-01T15:34:29+00:00\",\"dateModified\":\"2025-05-15T15:27:35+00:00\",\"description\":\"Descubre los Beneficios de externalizar la prevenci\u00f3n de riesgos con nosotros. Somos ExproAsesorias y queremos ayudarte a seguir creciendo\",\"breadcrumb\":{\"@id\":\"https:\/\/exproasesorias.com\/peru\/consultoria-integrales-sst\/#breadcrumb\"},\"inLanguage\":\"es\",\"potentialAction\":[{\"@type\":\"ReadAction\",\"target\":[\"https:\/\/exproasesorias.com\/peru\/consultoria-integrales-sst\/\"]}]},{\"@type\":\"ImageObject\",\"inLanguage\":\"es\",\"@id\":\"https:\/\/exproasesorias.com\/peru\/consultoria-integrales-sst\/#primaryimage\",\"url\":\"https:\/\/exproasesorias.com\/peru\/wp-content\/uploads\/2025\/05\/img_apoyo_consultoria.jpg\",\"contentUrl\":\"https:\/\/exproasesorias.com\/peru\/wp-content\/uploads\/2025\/05\/img_apoyo_consultoria.jpg\",\"width\":710,\"height\":697},{\"@type\":\"BreadcrumbList\",\"@id\":\"https:\/\/exproasesorias.com\/peru\/consultoria-integrales-sst\/#breadcrumb\",\"itemListElement\":[{\"@type\":\"ListItem\",\"position\":1,\"name\":\"Portada\",\"item\":\"https:\/\/exproasesorias.com\/peru\/\"},{\"@type\":\"ListItem\",\"position\":2,\"name\":\"consultoria integrales sst\"}]},{\"@type\":\"WebSite\",\"@id\":\"https:\/\/exproasesorias.com\/peru\/#website\",\"url\":\"https:\/\/exproasesorias.com\/peru\/\",\"name\":\"Expro Asesorias\",\"description\":\"Exproasesorias\",\"publisher\":{\"@id\":\"https:\/\/exproasesorias.com\/peru\/#organization\"},\"inLanguage\":\"es\"},{\"@type\":\"Organization\",\"@id\":\"https:\/\/exproasesorias.com\/peru\/#organization\",\"name\":\"Expro Asesorias\",\"url\":\"https:\/\/exproasesorias.com\/peru\/\",\"logo\":{\"@type\":\"ImageObject\",\"inLanguage\":\"es\",\"@id\":\"https:\/\/exproasesorias.com\/peru\/#\/schema\/logo\/image\/\",\"url\":\"https:\/\/exproasesorias.com\/peru\/wp-content\/uploads\/2023\/05\/cargando.png\",\"contentUrl\":\"https:\/\/exproasesorias.com\/peru\/wp-content\/uploads\/2023\/05\/cargando.png\",\"width\":100,\"height\":100,\"caption\":\"Expro Asesorias\"},\"image\":{\"@id\":\"https:\/\/exproasesorias.com\/peru\/#\/schema\/logo\/image\/\"}}]}<\/script>\n<!-- \/ Yoast SEO plugin. -->","yoast_head_json":{"title":"Asesor\u00edas Integrales - con Exproasesorias s\u00e9 parte del cambio","description":"Descubre los Beneficios de externalizar la prevenci\u00f3n de riesgos con nosotros. Somos ExproAsesorias y queremos ayudarte a seguir creciendo","robots":{"index":"noindex","follow":"follow","max-snippet":"max-snippet:-1","max-image-preview":"max-image-preview:large","max-video-preview":"max-video-preview:-1"},"og_locale":"es_ES","og_type":"article","og_title":"Asesor\u00edas Integrales - con Exproasesorias s\u00e9 parte del cambio","og_description":"Descubre los Beneficios de externalizar la prevenci\u00f3n de riesgos con nosotros. Somos ExproAsesorias y queremos ayudarte a seguir creciendo","og_url":"https:\/\/exproasesorias.com\/peru\/consultoria-integrales-sst\/","og_site_name":"Exproasesorias","article_modified_time":"2025-05-15T15:27:35+00:00","og_image":[{"width":710,"height":697,"url":"https:\/\/exproasesorias.com\/peru\/wp-content\/uploads\/2025\/05\/img_apoyo_consultoria.jpg","type":"image\/jpeg"}],"twitter_card":"summary_large_image","twitter_misc":{"Tiempo de lectura":"2 minutos"},"schema":{"@context":"https:\/\/schema.org","@graph":[{"@type":"WebPage","@id":"https:\/\/exproasesorias.com\/peru\/consultoria-integrales-sst\/","url":"https:\/\/exproasesorias.com\/peru\/consultoria-integrales-sst\/","name":"Asesor\u00edas Integrales - con Exproasesorias s\u00e9 parte del cambio","isPartOf":{"@id":"https:\/\/exproasesorias.com\/peru\/#website"},"primaryImageOfPage":{"@id":"https:\/\/exproasesorias.com\/peru\/consultoria-integrales-sst\/#primaryimage"},"image":{"@id":"https:\/\/exproasesorias.com\/peru\/consultoria-integrales-sst\/#primaryimage"},"thumbnailUrl":"https:\/\/exproasesorias.com\/peru\/wp-content\/uploads\/2025\/05\/img_apoyo_consultoria.jpg","datePublished":"2023-06-01T15:34:29+00:00","dateModified":"2025-05-15T15:27:35+00:00","description":"Descubre los Beneficios de externalizar la prevenci\u00f3n de riesgos con nosotros. Somos ExproAsesorias y queremos ayudarte a seguir creciendo","breadcrumb":{"@id":"https:\/\/exproasesorias.com\/peru\/consultoria-integrales-sst\/#breadcrumb"},"inLanguage":"es","potentialAction":[{"@type":"ReadAction","target":["https:\/\/exproasesorias.com\/peru\/consultoria-integrales-sst\/"]}]},{"@type":"ImageObject","inLanguage":"es","@id":"https:\/\/exproasesorias.com\/peru\/consultoria-integrales-sst\/#primaryimage","url":"https:\/\/exproasesorias.com\/peru\/wp-content\/uploads\/2025\/05\/img_apoyo_consultoria.jpg","contentUrl":"https:\/\/exproasesorias.com\/peru\/wp-content\/uploads\/2025\/05\/img_apoyo_consultoria.jpg","width":710,"height":697},{"@type":"BreadcrumbList","@id":"https:\/\/exproasesorias.com\/peru\/consultoria-integrales-sst\/#breadcrumb","itemListElement":[{"@type":"ListItem","position":1,"name":"Portada","item":"https:\/\/exproasesorias.com\/peru\/"},{"@type":"ListItem","position":2,"name":"consultoria integrales sst"}]},{"@type":"WebSite","@id":"https:\/\/exproasesorias.com\/peru\/#website","url":"https:\/\/exproasesorias.com\/peru\/","name":"Expro Asesorias","description":"Exproasesorias","publisher":{"@id":"https:\/\/exproasesorias.com\/peru\/#organization"},"inLanguage":"es"},{"@type":"Organization","@id":"https:\/\/exproasesorias.com\/peru\/#organization","name":"Expro Asesorias","url":"https:\/\/exproasesorias.com\/peru\/","logo":{"@type":"ImageObject","inLanguage":"es","@id":"https:\/\/exproasesorias.com\/peru\/#\/schema\/logo\/image\/","url":"https:\/\/exproasesorias.com\/peru\/wp-content\/uploads\/2023\/05\/cargando.png","contentUrl":"https:\/\/exproasesorias.com\/peru\/wp-content\/uploads\/2023\/05\/cargando.png","width":100,"height":100,"caption":"Expro Asesorias"},"image":{"@id":"https:\/\/exproasesorias.com\/peru\/#\/schema\/logo\/image\/"}}]}},"_links":{"self":[{"href":"https:\/\/exproasesorias.com\/peru\/wp-json\/wp\/v2\/pages\/5259","targetHints":{"allow":["GET"]}}],"collection":[{"href":"https:\/\/exproasesorias.com\/peru\/wp-json\/wp\/v2\/pages"}],"about":[{"href":"https:\/\/exproasesorias.com\/peru\/wp-json\/wp\/v2\/types\/page"}],"author":[{"embeddable":true,"href":"https:\/\/exproasesorias.com\/peru\/wp-json\/wp\/v2\/users\/1"}],"replies":[{"embeddable":true,"href":"https:\/\/exproasesorias.com\/peru\/wp-json\/wp\/v2\/comments?post=5259"}],"version-history":[{"count":0,"href":"https:\/\/exproasesorias.com\/peru\/wp-json\/wp\/v2\/pages\/5259\/revisions"}],"wp:attachment":[{"href":"https:\/\/exproasesorias.com\/peru\/wp-json\/wp\/v2\/media?parent=5259"}],"curies":[{"name":"wp","href":"https:\/\/api.w.org\/{rel}","templated":true}]}}