{"id":5031,"date":"2023-06-01T12:52:34","date_gmt":"2023-06-01T12:52:34","guid":{"rendered":"https:\/\/exproasesorias.com\/?page_id=5031"},"modified":"2025-05-15T16:15:45","modified_gmt":"2025-05-15T16:15:45","slug":"quienes-somos","status":"publish","type":"page","link":"https:\/\/exproasesorias.com\/peru\/quienes-somos\/","title":{"rendered":"Qui\u00e9nes Somos"},"content":{"rendered":"\t\t<div data-elementor-type=\"wp-page\" data-elementor-id=\"5031\" class=\"elementor elementor-5031\">\n\t\t\t\t\t\t<section class=\"elementor-section elementor-top-section elementor-element elementor-element-fe6dc8b elementor-section-content-middle ot-traditional elementor-section-boxed elementor-section-height-default elementor-section-height-default\" data-id=\"fe6dc8b\" data-element_type=\"section\" data-settings=\"{&quot;background_background&quot;:&quot;classic&quot;}\">\n\t\t\t\t\t\t<div class=\"elementor-container elementor-column-gap-extended\">\n\t\t\t\t\t<div class=\"elementor-column elementor-col-50 elementor-top-column elementor-element elementor-element-400d27e ot-flex-column-vertical\" data-id=\"400d27e\" data-element_type=\"column\">\n\t\t\t<div class=\"elementor-widget-wrap elementor-element-populated\">\n\t\t\t\t\t\t<div class=\"elementor-element elementor-element-6e20b78 elementor-widget elementor-widget-image\" data-id=\"6e20b78\" data-element_type=\"widget\" data-widget_type=\"image.default\">\n\t\t\t\t<div class=\"elementor-widget-container\">\n\t\t\t\t\t\t\t\t\t\t\t\t\t\t\t<img fetchpriority=\"high\" decoding=\"async\" width=\"710\" height=\"697\" src=\"https:\/\/exproasesorias.com\/peru\/wp-content\/uploads\/2023\/06\/isotipo_logo.png\" class=\"attachment-full size-full wp-image-5850\" alt=\"Exproasesor\u00edas es la divisi\u00f3n de expertos en Seguridad y Salud en el trabajo de GrupoExpro\" srcset=\"https:\/\/exproasesorias.com\/peru\/wp-content\/uploads\/2023\/06\/isotipo_logo.png 710w, https:\/\/exproasesorias.com\/peru\/wp-content\/uploads\/2023\/06\/isotipo_logo-300x295.png 300w\" sizes=\"(max-width: 710px) 100vw, 710px\" \/>\t\t\t\t\t\t\t\t\t\t\t\t\t\t\t<\/div>\n\t\t\t\t<\/div>\n\t\t\t\t\t<\/div>\n\t\t<\/div>\n\t\t\t\t<div class=\"elementor-column elementor-col-50 elementor-top-column elementor-element elementor-element-b69a10b ot-flex-column-vertical\" data-id=\"b69a10b\" data-element_type=\"column\">\n\t\t\t<div class=\"elementor-widget-wrap elementor-element-populated\">\n\t\t\t\t\t\t<div class=\"elementor-element elementor-element-21edb1c elementor-widget elementor-widget-iheading\" data-id=\"21edb1c\" data-element_type=\"widget\" data-widget_type=\"iheading.default\">\n\t\t\t\t<div class=\"elementor-widget-container\">\n\t\t\t\t\t\t\t<div class=\"ot-heading\">\r\n\t        \t            <span>\/\/ CONSULTORIA SST<\/span>\r\n\t        <h2 class=\"main-heading\">\u00bfQui\u00e9nes somos?<\/h2>\t    <\/div>\r\n\t    \t\t\t\t<\/div>\n\t\t\t\t<\/div>\n\t\t\t\t<div class=\"elementor-element elementor-element-53be247 elementor-widget elementor-widget-text-editor\" data-id=\"53be247\" data-element_type=\"widget\" data-widget_type=\"text-editor.default\">\n\t\t\t\t<div class=\"elementor-widget-container\">\n\t\t\t\t\t\t\t\t\tSomos la divisi\u00f3n de Consultor\u00eda en Seguridad y Salud en el Trabajo del Holding GrupoExpro. Brindamos servicios personalizados a sectores como construcci\u00f3n, miner\u00eda, oficinas, educaci\u00f3n e industria. Garantizamos la seguridad y bienestar de los trabajadores y la eficiencia operativa de las empresas.\nNuestra misi\u00f3n es liderar en la gesti\u00f3n de riesgos laborales, proporcionando un entorno de trabajo seguro y saludable, y adapt\u00e1ndonos a las normativas y necesidades del mercado; asegurando que nuestros clientes siempre cumplan con los m\u00e1s altos est\u00e1ndares de seguridad y salud en el trabajo.\n<blockquote>DEJA LA SEGURIDAD EN MANOS DE EXPERTOS<\/blockquote>\t\t\t\t\t\t\t\t<\/div>\n\t\t\t\t<\/div>\n\t\t\t\t\t<\/div>\n\t\t<\/div>\n\t\t\t\t\t<\/div>\n\t\t<\/section>\n\t\t\t\t<section class=\"elementor-section elementor-top-section elementor-element elementor-element-d437636 ot-traditional elementor-section-boxed elementor-section-height-default elementor-section-height-default\" data-id=\"d437636\" data-element_type=\"section\" data-settings=\"{&quot;background_background&quot;:&quot;classic&quot;}\">\n\t\t\t\t\t\t<div class=\"elementor-container elementor-column-gap-default\">\n\t\t\t\t\t<div class=\"elementor-column elementor-col-100 elementor-top-column elementor-element elementor-element-ab99388 ot-flex-column-vertical\" data-id=\"ab99388\" data-element_type=\"column\">\n\t\t\t<div class=\"elementor-widget-wrap elementor-element-populated\">\n\t\t\t\t\t\t<section class=\"elementor-section elementor-inner-section elementor-element elementor-element-85e16f3 elementor-section-full_width elementor-section-content-middle ot-traditional elementor-section-height-default elementor-section-height-default\" data-id=\"85e16f3\" data-element_type=\"section\">\n\t\t\t\t\t\t<div class=\"elementor-container elementor-column-gap-extended\">\n\t\t\t\t\t<div class=\"elementor-column elementor-col-50 elementor-inner-column elementor-element elementor-element-41e9fb0 ot-flex-column-vertical\" data-id=\"41e9fb0\" data-element_type=\"column\">\n\t\t\t<div class=\"elementor-widget-wrap elementor-element-populated\">\n\t\t\t\t\t\t<div class=\"elementor-element elementor-element-266c007 elementor-widget elementor-widget-iheading\" data-id=\"266c007\" data-element_type=\"widget\" data-widget_type=\"iheading.default\">\n\t\t\t\t<div class=\"elementor-widget-container\">\n\t\t\t\t\t\t\t<div class=\"ot-heading\">\r\n\t        \t            <span>\/\/ QUI\u00c9NES SOMOS<\/span>\r\n\t        <h2 class=\"main-heading\">Nuestro Equipo<\/h2>\t    <\/div>\r\n\t    \t\t\t\t<\/div>\n\t\t\t\t<\/div>\n\t\t\t\t<div class=\"elementor-element elementor-element-63c98c7 elementor-widget elementor-widget-text-editor\" data-id=\"63c98c7\" data-element_type=\"widget\" data-widget_type=\"text-editor.default\">\n\t\t\t\t<div class=\"elementor-widget-container\">\n\t\t\t\t\t\t\t\t\t<p>Nuestro equipo de seguridad y salud en el trabajo opera a nivel nacional en Per\u00fa, Ecuador, Chile y Colombia.\u00a0 Esta cobertura nos permite responder r\u00e1pidamente a las necesidades de nuestros clientes y aplicar las mejores pr\u00e1cticas.<\/p><p>Proporcionamos un servicio de excelencia, combinando conocimientos t\u00e9cnicos avanzados y enfoque pr\u00e1ctico. Mantenemos a nuestro equipo actualizado con las \u00faltimas normativas y tecnolog\u00edas mediante capacitaciones constantes.<\/p>\t\t\t\t\t\t\t\t<\/div>\n\t\t\t\t<\/div>\n\t\t\t\t\t<\/div>\n\t\t<\/div>\n\t\t\t\t<div class=\"elementor-column elementor-col-50 elementor-inner-column elementor-element elementor-element-71a91bb ot-flex-column-vertical\" data-id=\"71a91bb\" data-element_type=\"column\">\n\t\t\t<div class=\"elementor-widget-wrap elementor-element-populated\">\n\t\t\t\t\t\t<div class=\"elementor-element elementor-element-3951595 elementor-invisible elementor-widget elementor-widget-image\" data-id=\"3951595\" data-element_type=\"widget\" data-settings=\"{&quot;_animation&quot;:&quot;zoomIn&quot;}\" data-widget_type=\"image.default\">\n\t\t\t\t<div class=\"elementor-widget-container\">\n\t\t\t\t\t\t\t\t\t\t\t\t\t\t\t<img decoding=\"async\" width=\"710\" height=\"697\" src=\"https:\/\/exproasesorias.com\/peru\/wp-content\/uploads\/2025\/05\/img_apoyo_equipo.jpg\" class=\"attachment-full size-full wp-image-9476\" alt=\"\" srcset=\"https:\/\/exproasesorias.com\/peru\/wp-content\/uploads\/2025\/05\/img_apoyo_equipo.jpg 710w, https:\/\/exproasesorias.com\/peru\/wp-content\/uploads\/2025\/05\/img_apoyo_equipo-300x295.jpg 300w\" sizes=\"(max-width: 710px) 100vw, 710px\" \/>\t\t\t\t\t\t\t\t\t\t\t\t\t\t\t<\/div>\n\t\t\t\t<\/div>\n\t\t\t\t\t<\/div>\n\t\t<\/div>\n\t\t\t\t\t<\/div>\n\t\t<\/section>\n\t\t\t\t\t<\/div>\n\t\t<\/div>\n\t\t\t\t\t<\/div>\n\t\t<\/section>\n\t\t\t\t<section class=\"elementor-section elementor-top-section elementor-element elementor-element-db6f925 ot-traditional elementor-section-boxed elementor-section-height-default elementor-section-height-default\" data-id=\"db6f925\" data-element_type=\"section\">\n\t\t\t\t\t\t<div class=\"elementor-container elementor-column-gap-default\">\n\t\t\t\t\t<div class=\"elementor-column elementor-col-100 elementor-top-column elementor-element elementor-element-31d459f ot-flex-column-vertical\" data-id=\"31d459f\" data-element_type=\"column\">\n\t\t\t<div class=\"elementor-widget-wrap elementor-element-populated\">\n\t\t\t\t\t\t<div class=\"elementor-element elementor-element-6b96fa0 elementor-widget elementor-widget-heading\" data-id=\"6b96fa0\" data-element_type=\"widget\" data-widget_type=\"heading.default\">\n\t\t\t\t<div class=\"elementor-widget-container\">\n\t\t\t\t\t<h2 class=\"elementor-heading-title elementor-size-default\">Clientes<\/h2>\t\t\t\t<\/div>\n\t\t\t\t<\/div>\n\t\t\t\t\t<\/div>\n\t\t<\/div>\n\t\t\t\t\t<\/div>\n\t\t<\/section>\n\t\t\t\t<section class=\"elementor-section elementor-top-section elementor-element elementor-element-8f1cdaf ot-traditional elementor-section-boxed elementor-section-height-default elementor-section-height-default\" data-id=\"8f1cdaf\" data-element_type=\"section\">\n\t\t\t\t\t\t<div class=\"elementor-container elementor-column-gap-default\">\n\t\t\t\t\t<div class=\"elementor-column elementor-col-100 elementor-top-column elementor-element elementor-element-a57d89e ot-flex-column-vertical\" data-id=\"a57d89e\" data-element_type=\"column\">\n\t\t\t<div class=\"elementor-widget-wrap elementor-element-populated\">\n\t\t\t\t\t\t<div class=\"elementor-element elementor-element-13d2ff6 elementor-widget elementor-widget-image-carousel\" data-id=\"13d2ff6\" data-element_type=\"widget\" data-settings=\"{&quot;slides_to_show&quot;:&quot;4&quot;,&quot;navigation&quot;:&quot;none&quot;,&quot;autoplay_speed&quot;:3000,&quot;autoplay&quot;:&quot;yes&quot;,&quot;pause_on_hover&quot;:&quot;yes&quot;,&quot;pause_on_interaction&quot;:&quot;yes&quot;,&quot;infinite&quot;:&quot;yes&quot;,&quot;speed&quot;:500}\" data-widget_type=\"image-carousel.default\">\n\t\t\t\t<div class=\"elementor-widget-container\">\n\t\t\t\t\t\t\t<div class=\"elementor-image-carousel-wrapper swiper\" role=\"region\" aria-roledescription=\"carousel\" aria-label=\"Carrusel de im\u00e1genes\" dir=\"ltr\">\n\t\t\t<div class=\"elementor-image-carousel swiper-wrapper\" aria-live=\"off\">\n\t\t\t\t\t\t\t\t<div class=\"swiper-slide\" role=\"group\" aria-roledescription=\"slide\" aria-label=\"1 de 13\"><figure class=\"swiper-slide-inner\"><img decoding=\"async\" class=\"swiper-slide-image\" src=\"https:\/\/exproasesorias.com\/peru\/wp-content\/uploads\/2023\/06\/c1.jpg\" alt=\"Santo Tom\u00e1s\" \/><\/figure><\/div><div class=\"swiper-slide\" role=\"group\" aria-roledescription=\"slide\" aria-label=\"2 de 13\"><figure class=\"swiper-slide-inner\"><img decoding=\"async\" class=\"swiper-slide-image\" src=\"https:\/\/exproasesorias.com\/peru\/wp-content\/uploads\/2023\/06\/c2.jpg\" alt=\"Mutual de Seguridad\" \/><\/figure><\/div><div class=\"swiper-slide\" role=\"group\" aria-roledescription=\"slide\" aria-label=\"3 de 13\"><figure class=\"swiper-slide-inner\"><img decoding=\"async\" class=\"swiper-slide-image\" src=\"https:\/\/exproasesorias.com\/peru\/wp-content\/uploads\/2023\/06\/c3.jpg\" alt=\"mpal\" \/><\/figure><\/div><div class=\"swiper-slide\" role=\"group\" aria-roledescription=\"slide\" aria-label=\"4 de 13\"><figure class=\"swiper-slide-inner\"><img decoding=\"async\" class=\"swiper-slide-image\" src=\"https:\/\/exproasesorias.com\/peru\/wp-content\/uploads\/2023\/06\/c4.jpg\" alt=\"sovos\" \/><\/figure><\/div><div class=\"swiper-slide\" role=\"group\" aria-roledescription=\"slide\" aria-label=\"5 de 13\"><figure class=\"swiper-slide-inner\"><img decoding=\"async\" class=\"swiper-slide-image\" src=\"https:\/\/exproasesorias.com\/peru\/wp-content\/uploads\/2023\/06\/c5.jpg\" alt=\"sap\" \/><\/figure><\/div><div class=\"swiper-slide\" role=\"group\" aria-roledescription=\"slide\" aria-label=\"6 de 13\"><figure class=\"swiper-slide-inner\"><img decoding=\"async\" class=\"swiper-slide-image\" src=\"https:\/\/exproasesorias.com\/peru\/wp-content\/uploads\/2023\/06\/c6.jpg\" alt=\"avlc\" \/><\/figure><\/div><div class=\"swiper-slide\" role=\"group\" aria-roledescription=\"slide\" aria-label=\"7 de 13\"><figure class=\"swiper-slide-inner\"><img decoding=\"async\" class=\"swiper-slide-image\" src=\"https:\/\/exproasesorias.com\/peru\/wp-content\/uploads\/2023\/06\/c7.jpg\" alt=\"puertas de chicureo\" \/><\/figure><\/div><div class=\"swiper-slide\" role=\"group\" aria-roledescription=\"slide\" aria-label=\"8 de 13\"><figure class=\"swiper-slide-inner\"><img decoding=\"async\" class=\"swiper-slide-image\" src=\"https:\/\/exproasesorias.com\/peru\/wp-content\/uploads\/2023\/06\/c10.jpg\" alt=\"Le Bisbro\" \/><\/figure><\/div><div class=\"swiper-slide\" role=\"group\" aria-roledescription=\"slide\" aria-label=\"9 de 13\"><figure class=\"swiper-slide-inner\"><img decoding=\"async\" class=\"swiper-slide-image\" src=\"https:\/\/exproasesorias.com\/peru\/wp-content\/uploads\/2023\/06\/c9.jpg\" alt=\"CSSO\" \/><\/figure><\/div><div class=\"swiper-slide\" role=\"group\" aria-roledescription=\"slide\" aria-label=\"10 de 13\"><figure class=\"swiper-slide-inner\"><img decoding=\"async\" class=\"swiper-slide-image\" src=\"https:\/\/exproasesorias.com\/peru\/wp-content\/uploads\/2023\/06\/c8.jpg\" alt=\"infamec\" \/><\/figure><\/div><div class=\"swiper-slide\" role=\"group\" aria-roledescription=\"slide\" aria-label=\"11 de 13\"><figure class=\"swiper-slide-inner\"><img decoding=\"async\" class=\"swiper-slide-image\" src=\"https:\/\/exproasesorias.com\/peru\/wp-content\/uploads\/2023\/06\/c12.jpg\" alt=\"multiplica\" \/><\/figure><\/div><div class=\"swiper-slide\" role=\"group\" aria-roledescription=\"slide\" aria-label=\"12 de 13\"><figure class=\"swiper-slide-inner\"><img decoding=\"async\" class=\"swiper-slide-image\" src=\"https:\/\/exproasesorias.com\/peru\/wp-content\/uploads\/2023\/06\/c13.jpg\" alt=\"Doka\" \/><\/figure><\/div><div class=\"swiper-slide\" role=\"group\" aria-roledescription=\"slide\" aria-label=\"13 de 13\"><figure class=\"swiper-slide-inner\"><img decoding=\"async\" class=\"swiper-slide-image\" src=\"https:\/\/exproasesorias.com\/peru\/wp-content\/uploads\/2023\/06\/c11.jpg\" alt=\"Balflex\" \/><\/figure><\/div>\t\t\t<\/div>\n\t\t\t\t\t\t\t\n\t\t\t\t\t\t\t\t\t<\/div>\n\t\t\t\t\t\t<\/div>\n\t\t\t\t<\/div>\n\t\t\t\t\t<\/div>\n\t\t<\/div>\n\t\t\t\t\t<\/div>\n\t\t<\/section>\n\t\t\t\t<\/div>\n\t\t","protected":false},"excerpt":{"rendered":"<p>\/\/ CONSULTORIA SST \u00bfQui\u00e9nes somos? Somos la divisi\u00f3n de Consultor\u00eda en Seguridad y Salud en el Trabajo del Holding GrupoExpro. Brindamos servicios personalizados a sectores como construcci\u00f3n, miner\u00eda, oficinas, educaci\u00f3n e industria. Garantizamos la seguridad y bienestar de los trabajadores y la eficiencia operativa de las empresas. Nuestra misi\u00f3n es liderar en la gesti\u00f3n de [&hellip;]<\/p>\n","protected":false},"author":1,"featured_media":0,"parent":0,"menu_order":0,"comment_status":"closed","ping_status":"closed","template":"","meta":{"footnotes":""},"class_list":["post-5031","page","type-page","status-publish","hentry"],"yoast_head":"<!-- This site is optimized with the Yoast SEO plugin v25.0 - https:\/\/yoast.com\/wordpress\/plugins\/seo\/ -->\n<title>Exproasesorias - Ofrecemos asesor\u00eda y capacitaciones en prevenci\u00f3n para Pymes<\/title>\n<meta name=\"description\" content=\"Externaliza la prevenci\u00f3n de riesgos con EXPROASESORIAS. Vis\u00edtanos Somos el asesor integral en prevenci\u00f3n de riesgos que tu empresa necesita\" \/>\n<meta name=\"robots\" content=\"noindex, follow, max-snippet:-1, max-image-preview:large, max-video-preview:-1\" \/>\n<meta property=\"og:locale\" content=\"es_ES\" \/>\n<meta property=\"og:type\" content=\"article\" \/>\n<meta property=\"og:title\" content=\"Exproasesorias - Ofrecemos asesor\u00eda y capacitaciones en prevenci\u00f3n para Pymes\" \/>\n<meta property=\"og:description\" content=\"Externaliza la prevenci\u00f3n de riesgos con EXPROASESORIAS. Vis\u00edtanos Somos el asesor integral en prevenci\u00f3n de riesgos que tu empresa necesita\" \/>\n<meta property=\"og:url\" content=\"https:\/\/exproasesorias.com\/peru\/quienes-somos\/\" \/>\n<meta property=\"og:site_name\" content=\"Exproasesorias\" \/>\n<meta property=\"article:modified_time\" content=\"2025-05-15T16:15:45+00:00\" \/>\n<meta property=\"og:image\" content=\"https:\/\/exproasesorias.com\/peru\/wp-content\/uploads\/2023\/06\/isotipo_logo.png\" \/>\n\t<meta property=\"og:image:width\" content=\"710\" \/>\n\t<meta property=\"og:image:height\" content=\"697\" \/>\n\t<meta property=\"og:image:type\" content=\"image\/png\" \/>\n<meta name=\"twitter:card\" content=\"summary_large_image\" \/>\n<meta name=\"twitter:label1\" content=\"Tiempo de lectura\" \/>\n\t<meta name=\"twitter:data1\" content=\"6 minutos\" \/>\n<script type=\"application\/ld+json\" class=\"yoast-schema-graph\">{\"@context\":\"https:\/\/schema.org\",\"@graph\":[{\"@type\":\"WebPage\",\"@id\":\"https:\/\/exproasesorias.com\/peru\/quienes-somos\/\",\"url\":\"https:\/\/exproasesorias.com\/peru\/quienes-somos\/\",\"name\":\"Exproasesorias - Ofrecemos asesor\u00eda y capacitaciones en prevenci\u00f3n para Pymes\",\"isPartOf\":{\"@id\":\"https:\/\/exproasesorias.com\/peru\/#website\"},\"primaryImageOfPage\":{\"@id\":\"https:\/\/exproasesorias.com\/peru\/quienes-somos\/#primaryimage\"},\"image\":{\"@id\":\"https:\/\/exproasesorias.com\/peru\/quienes-somos\/#primaryimage\"},\"thumbnailUrl\":\"https:\/\/exproasesorias.com\/peru\/wp-content\/uploads\/2023\/06\/isotipo_logo.png\",\"datePublished\":\"2023-06-01T12:52:34+00:00\",\"dateModified\":\"2025-05-15T16:15:45+00:00\",\"description\":\"Externaliza la prevenci\u00f3n de riesgos con EXPROASESORIAS. Vis\u00edtanos Somos el asesor integral en prevenci\u00f3n de riesgos que tu empresa necesita\",\"breadcrumb\":{\"@id\":\"https:\/\/exproasesorias.com\/peru\/quienes-somos\/#breadcrumb\"},\"inLanguage\":\"es\",\"potentialAction\":[{\"@type\":\"ReadAction\",\"target\":[\"https:\/\/exproasesorias.com\/peru\/quienes-somos\/\"]}]},{\"@type\":\"ImageObject\",\"inLanguage\":\"es\",\"@id\":\"https:\/\/exproasesorias.com\/peru\/quienes-somos\/#primaryimage\",\"url\":\"https:\/\/exproasesorias.com\/peru\/wp-content\/uploads\/2023\/06\/isotipo_logo.png\",\"contentUrl\":\"https:\/\/exproasesorias.com\/peru\/wp-content\/uploads\/2023\/06\/isotipo_logo.png\",\"width\":710,\"height\":697,\"caption\":\"Exproasesor\u00edas es la divisi\u00f3n de expertos en Seguridad y Salud en el trabajo de GrupoExpro\"},{\"@type\":\"BreadcrumbList\",\"@id\":\"https:\/\/exproasesorias.com\/peru\/quienes-somos\/#breadcrumb\",\"itemListElement\":[{\"@type\":\"ListItem\",\"position\":1,\"name\":\"Portada\",\"item\":\"https:\/\/exproasesorias.com\/peru\/\"},{\"@type\":\"ListItem\",\"position\":2,\"name\":\"Qui\u00e9nes Somos\"}]},{\"@type\":\"WebSite\",\"@id\":\"https:\/\/exproasesorias.com\/peru\/#website\",\"url\":\"https:\/\/exproasesorias.com\/peru\/\",\"name\":\"Expro Asesorias\",\"description\":\"Exproasesorias\",\"publisher\":{\"@id\":\"https:\/\/exproasesorias.com\/peru\/#organization\"},\"inLanguage\":\"es\"},{\"@type\":\"Organization\",\"@id\":\"https:\/\/exproasesorias.com\/peru\/#organization\",\"name\":\"Expro Asesorias\",\"url\":\"https:\/\/exproasesorias.com\/peru\/\",\"logo\":{\"@type\":\"ImageObject\",\"inLanguage\":\"es\",\"@id\":\"https:\/\/exproasesorias.com\/peru\/#\/schema\/logo\/image\/\",\"url\":\"https:\/\/exproasesorias.com\/peru\/wp-content\/uploads\/2023\/05\/cargando.png\",\"contentUrl\":\"https:\/\/exproasesorias.com\/peru\/wp-content\/uploads\/2023\/05\/cargando.png\",\"width\":100,\"height\":100,\"caption\":\"Expro Asesorias\"},\"image\":{\"@id\":\"https:\/\/exproasesorias.com\/peru\/#\/schema\/logo\/image\/\"}}]}<\/script>\n<!-- \/ Yoast SEO plugin. -->","yoast_head_json":{"title":"Exproasesorias - Ofrecemos asesor\u00eda y capacitaciones en prevenci\u00f3n para Pymes","description":"Externaliza la prevenci\u00f3n de riesgos con EXPROASESORIAS. Vis\u00edtanos Somos el asesor integral en prevenci\u00f3n de riesgos que tu empresa necesita","robots":{"index":"noindex","follow":"follow","max-snippet":"max-snippet:-1","max-image-preview":"max-image-preview:large","max-video-preview":"max-video-preview:-1"},"og_locale":"es_ES","og_type":"article","og_title":"Exproasesorias - Ofrecemos asesor\u00eda y capacitaciones en prevenci\u00f3n para Pymes","og_description":"Externaliza la prevenci\u00f3n de riesgos con EXPROASESORIAS. Vis\u00edtanos Somos el asesor integral en prevenci\u00f3n de riesgos que tu empresa necesita","og_url":"https:\/\/exproasesorias.com\/peru\/quienes-somos\/","og_site_name":"Exproasesorias","article_modified_time":"2025-05-15T16:15:45+00:00","og_image":[{"width":710,"height":697,"url":"https:\/\/exproasesorias.com\/peru\/wp-content\/uploads\/2023\/06\/isotipo_logo.png","type":"image\/png"}],"twitter_card":"summary_large_image","twitter_misc":{"Tiempo de lectura":"6 minutos"},"schema":{"@context":"https:\/\/schema.org","@graph":[{"@type":"WebPage","@id":"https:\/\/exproasesorias.com\/peru\/quienes-somos\/","url":"https:\/\/exproasesorias.com\/peru\/quienes-somos\/","name":"Exproasesorias - Ofrecemos asesor\u00eda y capacitaciones en prevenci\u00f3n para Pymes","isPartOf":{"@id":"https:\/\/exproasesorias.com\/peru\/#website"},"primaryImageOfPage":{"@id":"https:\/\/exproasesorias.com\/peru\/quienes-somos\/#primaryimage"},"image":{"@id":"https:\/\/exproasesorias.com\/peru\/quienes-somos\/#primaryimage"},"thumbnailUrl":"https:\/\/exproasesorias.com\/peru\/wp-content\/uploads\/2023\/06\/isotipo_logo.png","datePublished":"2023-06-01T12:52:34+00:00","dateModified":"2025-05-15T16:15:45+00:00","description":"Externaliza la prevenci\u00f3n de riesgos con EXPROASESORIAS. Vis\u00edtanos Somos el asesor integral en prevenci\u00f3n de riesgos que tu empresa necesita","breadcrumb":{"@id":"https:\/\/exproasesorias.com\/peru\/quienes-somos\/#breadcrumb"},"inLanguage":"es","potentialAction":[{"@type":"ReadAction","target":["https:\/\/exproasesorias.com\/peru\/quienes-somos\/"]}]},{"@type":"ImageObject","inLanguage":"es","@id":"https:\/\/exproasesorias.com\/peru\/quienes-somos\/#primaryimage","url":"https:\/\/exproasesorias.com\/peru\/wp-content\/uploads\/2023\/06\/isotipo_logo.png","contentUrl":"https:\/\/exproasesorias.com\/peru\/wp-content\/uploads\/2023\/06\/isotipo_logo.png","width":710,"height":697,"caption":"Exproasesor\u00edas es la divisi\u00f3n de expertos en Seguridad y Salud en el trabajo de GrupoExpro"},{"@type":"BreadcrumbList","@id":"https:\/\/exproasesorias.com\/peru\/quienes-somos\/#breadcrumb","itemListElement":[{"@type":"ListItem","position":1,"name":"Portada","item":"https:\/\/exproasesorias.com\/peru\/"},{"@type":"ListItem","position":2,"name":"Qui\u00e9nes Somos"}]},{"@type":"WebSite","@id":"https:\/\/exproasesorias.com\/peru\/#website","url":"https:\/\/exproasesorias.com\/peru\/","name":"Expro Asesorias","description":"Exproasesorias","publisher":{"@id":"https:\/\/exproasesorias.com\/peru\/#organization"},"inLanguage":"es"},{"@type":"Organization","@id":"https:\/\/exproasesorias.com\/peru\/#organization","name":"Expro Asesorias","url":"https:\/\/exproasesorias.com\/peru\/","logo":{"@type":"ImageObject","inLanguage":"es","@id":"https:\/\/exproasesorias.com\/peru\/#\/schema\/logo\/image\/","url":"https:\/\/exproasesorias.com\/peru\/wp-content\/uploads\/2023\/05\/cargando.png","contentUrl":"https:\/\/exproasesorias.com\/peru\/wp-content\/uploads\/2023\/05\/cargando.png","width":100,"height":100,"caption":"Expro Asesorias"},"image":{"@id":"https:\/\/exproasesorias.com\/peru\/#\/schema\/logo\/image\/"}}]}},"_links":{"self":[{"href":"https:\/\/exproasesorias.com\/peru\/wp-json\/wp\/v2\/pages\/5031","targetHints":{"allow":["GET"]}}],"collection":[{"href":"https:\/\/exproasesorias.com\/peru\/wp-json\/wp\/v2\/pages"}],"about":[{"href":"https:\/\/exproasesorias.com\/peru\/wp-json\/wp\/v2\/types\/page"}],"author":[{"embeddable":true,"href":"https:\/\/exproasesorias.com\/peru\/wp-json\/wp\/v2\/users\/1"}],"replies":[{"embeddable":true,"href":"https:\/\/exproasesorias.com\/peru\/wp-json\/wp\/v2\/comments?post=5031"}],"version-history":[{"count":0,"href":"https:\/\/exproasesorias.com\/peru\/wp-json\/wp\/v2\/pages\/5031\/revisions"}],"wp:attachment":[{"href":"https:\/\/exproasesorias.com\/peru\/wp-json\/wp\/v2\/media?parent=5031"}],"curies":[{"name":"wp","href":"https:\/\/api.w.org\/{rel}","templated":true}]}}