{"id":5346,"date":"2023-06-01T17:02:14","date_gmt":"2023-06-01T17:02:14","guid":{"rendered":"https:\/\/exproasesorias.com\/?page_id=5346"},"modified":"2025-05-19T18:04:43","modified_gmt":"2025-05-19T18:04:43","slug":"modelo-de-trabajo","status":"publish","type":"page","link":"https:\/\/exproasesorias.com\/colombia\/modelo-de-trabajo\/","title":{"rendered":"Modelo de Trabajo"},"content":{"rendered":"\t\t<div data-elementor-type=\"wp-page\" data-elementor-id=\"5346\" class=\"elementor elementor-5346\">\n\t\t\t\t\t\t<section class=\"elementor-section elementor-top-section elementor-element elementor-element-4ecb410 elementor-section-content-middle ot-traditional elementor-section-boxed elementor-section-height-default elementor-section-height-default\" data-id=\"4ecb410\" data-element_type=\"section\" data-settings=\"{&quot;background_background&quot;:&quot;classic&quot;}\">\n\t\t\t\t\t\t<div class=\"elementor-container elementor-column-gap-extended\">\n\t\t\t\t\t<div class=\"elementor-column elementor-col-50 elementor-top-column elementor-element elementor-element-fb9ab0a ot-flex-column-vertical\" data-id=\"fb9ab0a\" data-element_type=\"column\">\n\t\t\t<div class=\"elementor-widget-wrap elementor-element-populated\">\n\t\t\t\t\t\t<div class=\"elementor-element elementor-element-321f89e elementor-invisible elementor-widget elementor-widget-image\" data-id=\"321f89e\" data-element_type=\"widget\" data-settings=\"{&quot;_animation&quot;:&quot;zoomIn&quot;}\" data-widget_type=\"image.default\">\n\t\t\t\t<div class=\"elementor-widget-container\">\n\t\t\t\t\t\t\t\t\t\t\t\t\t\t\t<img fetchpriority=\"high\" decoding=\"async\" width=\"710\" height=\"697\" src=\"https:\/\/exproasesorias.com\/colombia\/wp-content\/uploads\/2025\/05\/img_modelo.jpg\" class=\"attachment-full size-full wp-image-9171\" alt=\"\" srcset=\"https:\/\/exproasesorias.com\/colombia\/wp-content\/uploads\/2025\/05\/img_modelo.jpg 710w, https:\/\/exproasesorias.com\/colombia\/wp-content\/uploads\/2025\/05\/img_modelo-300x295.jpg 300w\" sizes=\"(max-width: 710px) 100vw, 710px\" \/>\t\t\t\t\t\t\t\t\t\t\t\t\t\t\t<\/div>\n\t\t\t\t<\/div>\n\t\t\t\t\t<\/div>\n\t\t<\/div>\n\t\t\t\t<div class=\"elementor-column elementor-col-50 elementor-top-column elementor-element elementor-element-815d161 ot-flex-column-vertical\" data-id=\"815d161\" data-element_type=\"column\">\n\t\t\t<div class=\"elementor-widget-wrap elementor-element-populated\">\n\t\t\t\t\t\t<div class=\"elementor-element elementor-element-d49007b elementor-widget elementor-widget-iheading\" data-id=\"d49007b\" data-element_type=\"widget\" data-widget_type=\"iheading.default\">\n\t\t\t\t<div class=\"elementor-widget-container\">\n\t\t\t\t\t\t\t<div class=\"ot-heading\">\r\n\t        \t            <span>\/\/ EXPROGESTI\u00d3N SST<\/span>\r\n\t        <h2 class=\"main-heading\">Modelo de Trabajo<\/h2>\t    <\/div>\r\n\t    \t\t\t\t<\/div>\n\t\t\t\t<\/div>\n\t\t\t\t<div class=\"elementor-element elementor-element-ceb4784 elementor-widget elementor-widget-text-editor\" data-id=\"ceb4784\" data-element_type=\"widget\" data-widget_type=\"text-editor.default\">\n\t\t\t\t<div class=\"elementor-widget-container\">\n\t\t\t\t\t\t\t\t\t<p>Nuestro equipo puede ayudarlo a transformar su negocio a trav\u00e9s de las \u00faltimas capacidades tecnol\u00f3gicas para mantenerse a la vanguardia.<\/p>\t\t\t\t\t\t\t\t<\/div>\n\t\t\t\t<\/div>\n\t\t\t\t<div class=\"elementor-element elementor-element-6861528 elementor-icon-list--layout-traditional elementor-list-item-link-full_width elementor-widget elementor-widget-icon-list\" data-id=\"6861528\" data-element_type=\"widget\" data-widget_type=\"icon-list.default\">\n\t\t\t\t<div class=\"elementor-widget-container\">\n\t\t\t\t\t\t\t<ul class=\"elementor-icon-list-items\">\n\t\t\t\t\t\t\t<li class=\"elementor-icon-list-item\">\n\t\t\t\t\t\t\t\t\t\t\t<span class=\"elementor-icon-list-icon\">\n\t\t\t\t\t\t\t<i aria-hidden=\"true\" class=\"fas fa-check\"><\/i>\t\t\t\t\t\t<\/span>\n\t\t\t\t\t\t\t\t\t\t<span class=\"elementor-icon-list-text\">DIAGNOSTICO Y PLANIFICACI\u00d3N. <\/span>\n\t\t\t\t\t\t\t\t\t<\/li>\n\t\t\t\t\t\t\t\t<li class=\"elementor-icon-list-item\">\n\t\t\t\t\t\t\t\t\t\t\t<span class=\"elementor-icon-list-icon\">\n\t\t\t\t\t\t\t<i aria-hidden=\"true\" class=\"fas fa-check\"><\/i>\t\t\t\t\t\t<\/span>\n\t\t\t\t\t\t\t\t\t\t<span class=\"elementor-icon-list-text\">IMPLEMENTACI\u00d3N.<\/span>\n\t\t\t\t\t\t\t\t\t<\/li>\n\t\t\t\t\t\t\t\t<li class=\"elementor-icon-list-item\">\n\t\t\t\t\t\t\t\t\t\t\t<span class=\"elementor-icon-list-icon\">\n\t\t\t\t\t\t\t<i aria-hidden=\"true\" class=\"fas fa-check\"><\/i>\t\t\t\t\t\t<\/span>\n\t\t\t\t\t\t\t\t\t\t<span class=\"elementor-icon-list-text\">EVALUACI\u00d3N Y MEJORA.<\/span>\n\t\t\t\t\t\t\t\t\t<\/li>\n\t\t\t\t\t\t<\/ul>\n\t\t\t\t\t\t<\/div>\n\t\t\t\t<\/div>\n\t\t\t\t\t<\/div>\n\t\t<\/div>\n\t\t\t\t\t<\/div>\n\t\t<\/section>\n\t\t\t\t<section class=\"elementor-section elementor-top-section elementor-element elementor-element-7d9f073 ot-traditional elementor-section-boxed elementor-section-height-default elementor-section-height-default\" data-id=\"7d9f073\" data-element_type=\"section\" data-settings=\"{&quot;background_background&quot;:&quot;classic&quot;}\">\n\t\t\t\t\t\t<div class=\"elementor-container elementor-column-gap-default\">\n\t\t\t\t\t<div class=\"elementor-column elementor-col-100 elementor-top-column elementor-element elementor-element-7f51e6b ot-flex-column-vertical\" data-id=\"7f51e6b\" data-element_type=\"column\">\n\t\t\t<div class=\"elementor-widget-wrap elementor-element-populated\">\n\t\t\t\t\t\t<div class=\"elementor-element elementor-element-61f0f5a elementor-widget elementor-widget-heading\" data-id=\"61f0f5a\" data-element_type=\"widget\" data-widget_type=\"heading.default\">\n\t\t\t\t<div class=\"elementor-widget-container\">\n\t\t\t\t\t<p class=\"elementor-heading-title elementor-size-default\">\/\/ \u00a1Escr\u00edbanos! Estamos aqu\u00ed para responder a sus preguntas 24\/7<\/p>\t\t\t\t<\/div>\n\t\t\t\t<\/div>\n\t\t\t\t<div class=\"elementor-element elementor-element-c2ad7c2 elementor-widget elementor-widget-heading\" data-id=\"c2ad7c2\" data-element_type=\"widget\" data-widget_type=\"heading.default\">\n\t\t\t\t<div class=\"elementor-widget-container\">\n\t\t\t\t\t<h2 class=\"elementor-heading-title elementor-size-default\">SOLICITA TU DIAGN\u00d3STICO INICIAL SIN COSTO<\/h2>\t\t\t\t<\/div>\n\t\t\t\t<\/div>\n\t\t\t\t<div class=\"elementor-element elementor-element-09b18f1 elementor-align-center elementor-widget elementor-widget-ibutton\" data-id=\"09b18f1\" data-element_type=\"widget\" data-widget_type=\"ibutton.default\">\n\t\t\t\t<div class=\"elementor-widget-container\">\n\t\t\t\t\t\t\t<div class=\"ot-button\">\r\n\t\t\t<a href=\"https:\/\/exproasesorias.com\/colombia\/contacto\/\" class=\"octf-btn octf-btn-primary\">CONT\u00c1CTANOS<\/a>\r\n\t    <\/div>\r\n\t    \t\t\t\t<\/div>\n\t\t\t\t<\/div>\n\t\t\t\t\t<\/div>\n\t\t<\/div>\n\t\t\t\t\t<\/div>\n\t\t<\/section>\n\t\t\t\t<section class=\"elementor-section elementor-top-section elementor-element elementor-element-7f4df7c ot-traditional elementor-section-boxed elementor-section-height-default elementor-section-height-default\" data-id=\"7f4df7c\" data-element_type=\"section\" data-settings=\"{&quot;background_background&quot;:&quot;classic&quot;}\">\n\t\t\t\t\t\t<div class=\"elementor-container elementor-column-gap-default\">\n\t\t\t\t\t<div class=\"elementor-column elementor-col-100 elementor-top-column elementor-element elementor-element-2ebb2bc ot-flex-column-vertical\" data-id=\"2ebb2bc\" data-element_type=\"column\">\n\t\t\t<div class=\"elementor-widget-wrap elementor-element-populated\">\n\t\t\t\t\t\t<section class=\"elementor-section elementor-inner-section elementor-element elementor-element-f2c46ff elementor-section-full_width elementor-section-content-middle ot-traditional elementor-section-height-default elementor-section-height-default\" data-id=\"f2c46ff\" data-element_type=\"section\">\n\t\t\t\t\t\t<div class=\"elementor-container elementor-column-gap-extended\">\n\t\t\t\t\t<div class=\"elementor-column elementor-col-50 elementor-inner-column elementor-element elementor-element-325fabe ot-flex-column-vertical\" data-id=\"325fabe\" data-element_type=\"column\">\n\t\t\t<div class=\"elementor-widget-wrap elementor-element-populated\">\n\t\t\t\t\t\t<div class=\"elementor-element elementor-element-38d3bc0 elementor-widget elementor-widget-iheading\" data-id=\"38d3bc0\" data-element_type=\"widget\" data-widget_type=\"iheading.default\">\n\t\t\t\t<div class=\"elementor-widget-container\">\n\t\t\t\t\t\t\t<div class=\"ot-heading\">\r\n\t        \t            <span>\/\/ EXPROASESOR\u00cdAS<\/span>\r\n\t        <h2 class=\"main-heading\">Nuestra Experiencia<\/h2>\t    <\/div>\r\n\t    \t\t\t\t<\/div>\n\t\t\t\t<\/div>\n\t\t\t\t<div class=\"elementor-element elementor-element-0afcf2f elementor-widget elementor-widget-text-editor\" data-id=\"0afcf2f\" data-element_type=\"widget\" data-widget_type=\"text-editor.default\">\n\t\t\t\t<div class=\"elementor-widget-container\">\n\t\t\t\t\t\t\t\t\t<p><span class=\"HwtZe\" lang=\"es\"><span class=\"jCAhz ChMk0b\"><span class=\"ryNqvb\">Desarrollar nuestra labor con responsabilidad y compromiso a fin de obtener los beneficios que permitan nuestro creciente futuro.<\/span><\/span><\/span><\/p>\t\t\t\t\t\t\t\t<\/div>\n\t\t\t\t<\/div>\n\t\t\t\t<div class=\"elementor-element elementor-element-e9be6e8 elementor-widget elementor-widget-iprogress\" data-id=\"e9be6e8\" data-element_type=\"widget\" data-widget_type=\"iprogress.default\">\n\t\t\t\t<div class=\"elementor-widget-container\">\n\t\t\t\t\t\r\n\t\t\t\t<div class=\"ot-progress\">\r\n\t\t\t<div class=\"overflow\">\r\n\t        \t<span class=\"pname f-left\">Asesor\u00edas Integrales<\/span>\t        \t<span class=\"ppercent f-right\">100%<\/span>\t        <\/div>\r\n\t        <div class=\"iprogress\">\r\n\t\t\t\t<div class=\"progress-bar\" data-percent=\"100%\"><\/div>\r\n\t\t\t<\/div>\r\n\t    <\/div>\r\n\t\t\t\t\t\t<\/div>\n\t\t\t\t<\/div>\n\t\t\t\t<div class=\"elementor-element elementor-element-513657c elementor-widget elementor-widget-iprogress\" data-id=\"513657c\" data-element_type=\"widget\" data-widget_type=\"iprogress.default\">\n\t\t\t\t<div class=\"elementor-widget-container\">\n\t\t\t\t\t\r\n\t\t\t\t<div class=\"ot-progress\">\r\n\t\t\t<div class=\"overflow\">\r\n\t        \t<span class=\"pname f-left\">Sistemas de Gesti\u00f3n <\/span>\t        \t<span class=\"ppercent f-right\">100%<\/span>\t        <\/div>\r\n\t        <div class=\"iprogress\">\r\n\t\t\t\t<div class=\"progress-bar\" data-percent=\"100%\"><\/div>\r\n\t\t\t<\/div>\r\n\t    <\/div>\r\n\t\t\t\t\t\t<\/div>\n\t\t\t\t<\/div>\n\t\t\t\t<div class=\"elementor-element elementor-element-a817d1b elementor-widget elementor-widget-iprogress\" data-id=\"a817d1b\" data-element_type=\"widget\" data-widget_type=\"iprogress.default\">\n\t\t\t\t<div class=\"elementor-widget-container\">\n\t\t\t\t\t\r\n\t\t\t\t<div class=\"ot-progress\">\r\n\t\t\t<div class=\"overflow\">\r\n\t        \t<span class=\"pname f-left\">Acreditaciones<\/span>\t        \t<span class=\"ppercent f-right\">100%<\/span>\t        <\/div>\r\n\t        <div class=\"iprogress\">\r\n\t\t\t\t<div class=\"progress-bar\" data-percent=\"100%\"><\/div>\r\n\t\t\t<\/div>\r\n\t    <\/div>\r\n\t\t\t\t\t\t<\/div>\n\t\t\t\t<\/div>\n\t\t\t\t\t<\/div>\n\t\t<\/div>\n\t\t\t\t<div class=\"elementor-column elementor-col-50 elementor-inner-column elementor-element elementor-element-4381df4 ot-flex-column-vertical\" data-id=\"4381df4\" data-element_type=\"column\">\n\t\t\t<div class=\"elementor-widget-wrap elementor-element-populated\">\n\t\t\t\t\t\t<div class=\"elementor-element elementor-element-b7a9504 elementor-invisible elementor-widget elementor-widget-image\" data-id=\"b7a9504\" data-element_type=\"widget\" data-settings=\"{&quot;_animation&quot;:&quot;zoomIn&quot;}\" data-widget_type=\"image.default\">\n\t\t\t\t<div class=\"elementor-widget-container\">\n\t\t\t\t\t\t\t\t\t\t\t\t\t\t\t<img decoding=\"async\" width=\"710\" height=\"697\" src=\"https:\/\/exproasesorias.com\/colombia\/wp-content\/uploads\/2025\/05\/img_quienes.jpg\" class=\"attachment-full size-full wp-image-9121\" alt=\"\" srcset=\"https:\/\/exproasesorias.com\/colombia\/wp-content\/uploads\/2025\/05\/img_quienes.jpg 710w, https:\/\/exproasesorias.com\/colombia\/wp-content\/uploads\/2025\/05\/img_quienes-300x295.jpg 300w\" sizes=\"(max-width: 710px) 100vw, 710px\" \/>\t\t\t\t\t\t\t\t\t\t\t\t\t\t\t<\/div>\n\t\t\t\t<\/div>\n\t\t\t\t\t<\/div>\n\t\t<\/div>\n\t\t\t\t\t<\/div>\n\t\t<\/section>\n\t\t\t\t\t<\/div>\n\t\t<\/div>\n\t\t\t\t\t<\/div>\n\t\t<\/section>\n\t\t\t\t<\/div>\n\t\t","protected":false},"excerpt":{"rendered":"<p>\/\/ EXPROGESTI\u00d3N SST Modelo de Trabajo Nuestro equipo puede ayudarlo a transformar su negocio a trav\u00e9s de las \u00faltimas capacidades tecnol\u00f3gicas para mantenerse a la vanguardia. DIAGNOSTICO Y PLANIFICACI\u00d3N. IMPLEMENTACI\u00d3N. EVALUACI\u00d3N Y MEJORA. \/\/ \u00a1Escr\u00edbanos! Estamos aqu\u00ed para responder a sus preguntas 24\/7 SOLICITA TU DIAGN\u00d3STICO INICIAL SIN COSTO CONT\u00c1CTANOS \/\/ EXPROASESOR\u00cdAS Nuestra Experiencia Desarrollar [&hellip;]<\/p>\n","protected":false},"author":1,"featured_media":0,"parent":0,"menu_order":0,"comment_status":"closed","ping_status":"closed","template":"","meta":{"footnotes":""},"class_list":["post-5346","page","type-page","status-publish","hentry"],"yoast_head":"<!-- This site is optimized with the Yoast SEO plugin v25.0 - https:\/\/yoast.com\/wordpress\/plugins\/seo\/ -->\n<title>Exproasesorias - Implementamos sistemas de gesti\u00f3n en los clientes<\/title>\n<meta name=\"description\" content=\"En Expro Asesorias transformamos tu negocio a trav\u00e9s de las \u00faltimas capacidades tecnol\u00f3gicas para mantenerse a la vanguardia. Ll\u00e1manos\" \/>\n<meta name=\"robots\" content=\"noindex, follow, max-snippet:-1, max-image-preview:large, max-video-preview:-1\" \/>\n<meta property=\"og:locale\" content=\"es_ES\" \/>\n<meta property=\"og:type\" content=\"article\" \/>\n<meta property=\"og:title\" content=\"Exproasesorias - Implementamos sistemas de gesti\u00f3n en los clientes\" \/>\n<meta property=\"og:description\" content=\"En Expro Asesorias transformamos tu negocio a trav\u00e9s de las \u00faltimas capacidades tecnol\u00f3gicas para mantenerse a la vanguardia. Ll\u00e1manos\" \/>\n<meta property=\"og:url\" content=\"https:\/\/exproasesorias.com\/colombia\/modelo-de-trabajo\/\" \/>\n<meta property=\"og:site_name\" content=\"Exproasesorias\" \/>\n<meta property=\"article:modified_time\" content=\"2025-05-19T18:04:43+00:00\" \/>\n<meta property=\"og:image\" content=\"https:\/\/exproasesorias.com\/colombia\/wp-content\/uploads\/2025\/05\/img_modelo.jpg\" \/>\n\t<meta property=\"og:image:width\" content=\"710\" \/>\n\t<meta property=\"og:image:height\" content=\"697\" \/>\n\t<meta property=\"og:image:type\" content=\"image\/jpeg\" \/>\n<meta name=\"twitter:card\" content=\"summary_large_image\" \/>\n<meta name=\"twitter:label1\" content=\"Tiempo de lectura\" \/>\n\t<meta name=\"twitter:data1\" content=\"1 minuto\" \/>\n<script type=\"application\/ld+json\" class=\"yoast-schema-graph\">{\"@context\":\"https:\/\/schema.org\",\"@graph\":[{\"@type\":\"WebPage\",\"@id\":\"https:\/\/exproasesorias.com\/colombia\/modelo-de-trabajo\/\",\"url\":\"https:\/\/exproasesorias.com\/colombia\/modelo-de-trabajo\/\",\"name\":\"Exproasesorias - Implementamos sistemas de gesti\u00f3n en los clientes\",\"isPartOf\":{\"@id\":\"https:\/\/exproasesorias.com\/colombia\/#website\"},\"primaryImageOfPage\":{\"@id\":\"https:\/\/exproasesorias.com\/colombia\/modelo-de-trabajo\/#primaryimage\"},\"image\":{\"@id\":\"https:\/\/exproasesorias.com\/colombia\/modelo-de-trabajo\/#primaryimage\"},\"thumbnailUrl\":\"https:\/\/exproasesorias.com\/colombia\/wp-content\/uploads\/2025\/05\/img_modelo.jpg\",\"datePublished\":\"2023-06-01T17:02:14+00:00\",\"dateModified\":\"2025-05-19T18:04:43+00:00\",\"description\":\"En Expro Asesorias transformamos tu negocio a trav\u00e9s de las \u00faltimas capacidades tecnol\u00f3gicas para mantenerse a la vanguardia. Ll\u00e1manos\",\"breadcrumb\":{\"@id\":\"https:\/\/exproasesorias.com\/colombia\/modelo-de-trabajo\/#breadcrumb\"},\"inLanguage\":\"es\",\"potentialAction\":[{\"@type\":\"ReadAction\",\"target\":[\"https:\/\/exproasesorias.com\/colombia\/modelo-de-trabajo\/\"]}]},{\"@type\":\"ImageObject\",\"inLanguage\":\"es\",\"@id\":\"https:\/\/exproasesorias.com\/colombia\/modelo-de-trabajo\/#primaryimage\",\"url\":\"https:\/\/exproasesorias.com\/colombia\/wp-content\/uploads\/2025\/05\/img_modelo.jpg\",\"contentUrl\":\"https:\/\/exproasesorias.com\/colombia\/wp-content\/uploads\/2025\/05\/img_modelo.jpg\",\"width\":710,\"height\":697},{\"@type\":\"BreadcrumbList\",\"@id\":\"https:\/\/exproasesorias.com\/colombia\/modelo-de-trabajo\/#breadcrumb\",\"itemListElement\":[{\"@type\":\"ListItem\",\"position\":1,\"name\":\"Portada\",\"item\":\"https:\/\/exproasesorias.com\/colombia\/\"},{\"@type\":\"ListItem\",\"position\":2,\"name\":\"Modelo de Trabajo\"}]},{\"@type\":\"WebSite\",\"@id\":\"https:\/\/exproasesorias.com\/colombia\/#website\",\"url\":\"https:\/\/exproasesorias.com\/colombia\/\",\"name\":\"Expro Asesorias\",\"description\":\"Exproasesorias\",\"publisher\":{\"@id\":\"https:\/\/exproasesorias.com\/colombia\/#organization\"},\"inLanguage\":\"es\"},{\"@type\":\"Organization\",\"@id\":\"https:\/\/exproasesorias.com\/colombia\/#organization\",\"name\":\"Expro Asesorias\",\"url\":\"https:\/\/exproasesorias.com\/colombia\/\",\"logo\":{\"@type\":\"ImageObject\",\"inLanguage\":\"es\",\"@id\":\"https:\/\/exproasesorias.com\/colombia\/#\/schema\/logo\/image\/\",\"url\":\"https:\/\/exproasesorias.com\/colombia\/wp-content\/uploads\/2023\/05\/cargando.png\",\"contentUrl\":\"https:\/\/exproasesorias.com\/colombia\/wp-content\/uploads\/2023\/05\/cargando.png\",\"width\":100,\"height\":100,\"caption\":\"Expro Asesorias\"},\"image\":{\"@id\":\"https:\/\/exproasesorias.com\/colombia\/#\/schema\/logo\/image\/\"}}]}<\/script>\n<!-- \/ Yoast SEO plugin. -->","yoast_head_json":{"title":"Exproasesorias - Implementamos sistemas de gesti\u00f3n en los clientes","description":"En Expro Asesorias transformamos tu negocio a trav\u00e9s de las \u00faltimas capacidades tecnol\u00f3gicas para mantenerse a la vanguardia. Ll\u00e1manos","robots":{"index":"noindex","follow":"follow","max-snippet":"max-snippet:-1","max-image-preview":"max-image-preview:large","max-video-preview":"max-video-preview:-1"},"og_locale":"es_ES","og_type":"article","og_title":"Exproasesorias - Implementamos sistemas de gesti\u00f3n en los clientes","og_description":"En Expro Asesorias transformamos tu negocio a trav\u00e9s de las \u00faltimas capacidades tecnol\u00f3gicas para mantenerse a la vanguardia. Ll\u00e1manos","og_url":"https:\/\/exproasesorias.com\/colombia\/modelo-de-trabajo\/","og_site_name":"Exproasesorias","article_modified_time":"2025-05-19T18:04:43+00:00","og_image":[{"width":710,"height":697,"url":"https:\/\/exproasesorias.com\/colombia\/wp-content\/uploads\/2025\/05\/img_modelo.jpg","type":"image\/jpeg"}],"twitter_card":"summary_large_image","twitter_misc":{"Tiempo de lectura":"1 minuto"},"schema":{"@context":"https:\/\/schema.org","@graph":[{"@type":"WebPage","@id":"https:\/\/exproasesorias.com\/colombia\/modelo-de-trabajo\/","url":"https:\/\/exproasesorias.com\/colombia\/modelo-de-trabajo\/","name":"Exproasesorias - Implementamos sistemas de gesti\u00f3n en los clientes","isPartOf":{"@id":"https:\/\/exproasesorias.com\/colombia\/#website"},"primaryImageOfPage":{"@id":"https:\/\/exproasesorias.com\/colombia\/modelo-de-trabajo\/#primaryimage"},"image":{"@id":"https:\/\/exproasesorias.com\/colombia\/modelo-de-trabajo\/#primaryimage"},"thumbnailUrl":"https:\/\/exproasesorias.com\/colombia\/wp-content\/uploads\/2025\/05\/img_modelo.jpg","datePublished":"2023-06-01T17:02:14+00:00","dateModified":"2025-05-19T18:04:43+00:00","description":"En Expro Asesorias transformamos tu negocio a trav\u00e9s de las \u00faltimas capacidades tecnol\u00f3gicas para mantenerse a la vanguardia. Ll\u00e1manos","breadcrumb":{"@id":"https:\/\/exproasesorias.com\/colombia\/modelo-de-trabajo\/#breadcrumb"},"inLanguage":"es","potentialAction":[{"@type":"ReadAction","target":["https:\/\/exproasesorias.com\/colombia\/modelo-de-trabajo\/"]}]},{"@type":"ImageObject","inLanguage":"es","@id":"https:\/\/exproasesorias.com\/colombia\/modelo-de-trabajo\/#primaryimage","url":"https:\/\/exproasesorias.com\/colombia\/wp-content\/uploads\/2025\/05\/img_modelo.jpg","contentUrl":"https:\/\/exproasesorias.com\/colombia\/wp-content\/uploads\/2025\/05\/img_modelo.jpg","width":710,"height":697},{"@type":"BreadcrumbList","@id":"https:\/\/exproasesorias.com\/colombia\/modelo-de-trabajo\/#breadcrumb","itemListElement":[{"@type":"ListItem","position":1,"name":"Portada","item":"https:\/\/exproasesorias.com\/colombia\/"},{"@type":"ListItem","position":2,"name":"Modelo de Trabajo"}]},{"@type":"WebSite","@id":"https:\/\/exproasesorias.com\/colombia\/#website","url":"https:\/\/exproasesorias.com\/colombia\/","name":"Expro Asesorias","description":"Exproasesorias","publisher":{"@id":"https:\/\/exproasesorias.com\/colombia\/#organization"},"inLanguage":"es"},{"@type":"Organization","@id":"https:\/\/exproasesorias.com\/colombia\/#organization","name":"Expro Asesorias","url":"https:\/\/exproasesorias.com\/colombia\/","logo":{"@type":"ImageObject","inLanguage":"es","@id":"https:\/\/exproasesorias.com\/colombia\/#\/schema\/logo\/image\/","url":"https:\/\/exproasesorias.com\/colombia\/wp-content\/uploads\/2023\/05\/cargando.png","contentUrl":"https:\/\/exproasesorias.com\/colombia\/wp-content\/uploads\/2023\/05\/cargando.png","width":100,"height":100,"caption":"Expro Asesorias"},"image":{"@id":"https:\/\/exproasesorias.com\/colombia\/#\/schema\/logo\/image\/"}}]}},"_links":{"self":[{"href":"https:\/\/exproasesorias.com\/colombia\/wp-json\/wp\/v2\/pages\/5346","targetHints":{"allow":["GET"]}}],"collection":[{"href":"https:\/\/exproasesorias.com\/colombia\/wp-json\/wp\/v2\/pages"}],"about":[{"href":"https:\/\/exproasesorias.com\/colombia\/wp-json\/wp\/v2\/types\/page"}],"author":[{"embeddable":true,"href":"https:\/\/exproasesorias.com\/colombia\/wp-json\/wp\/v2\/users\/1"}],"replies":[{"embeddable":true,"href":"https:\/\/exproasesorias.com\/colombia\/wp-json\/wp\/v2\/comments?post=5346"}],"version-history":[{"count":0,"href":"https:\/\/exproasesorias.com\/colombia\/wp-json\/wp\/v2\/pages\/5346\/revisions"}],"wp:attachment":[{"href":"https:\/\/exproasesorias.com\/colombia\/wp-json\/wp\/v2\/media?parent=5346"}],"curies":[{"name":"wp","href":"https:\/\/api.w.org\/{rel}","templated":true}]}}